{"id":1077,"date":"2018-10-11T08:57:05","date_gmt":"2018-10-11T06:57:05","guid":{"rendered":"https:\/\/www.abfallbringtgeld.com\/neu\/?page_id=1077"},"modified":"2025-10-06T10:02:56","modified_gmt":"2025-10-06T08:02:56","slug":"kontakt","status":"publish","type":"page","link":"https:\/\/www.abfallbringtgeld.com\/at\/kontakt\/","title":{"rendered":"Kontakt"},"content":{"rendered":"<div class=\"wpb-content-wrapper\"><p>[vc_row][vc_column][vc_column_text][\/vc_column_text][\/vc_column][\/vc_row][vc_row full_width=&#8220;stretch_row&#8220;][vc_column offset=&#8220;vc_col-md-6&#8243;]<div id=\"cz_60765\" class=\"cz_60765 cz_title clr cz_title_pos_inline\"><div class=\"cz_title_content\"><div class=\"cz_wpe_content\"><p><span style=\"color: #333; font-size: 18px;\">Schreiben Sie uns!<\/span><\/p>\n<h3><span style=\"font-size: 36px;\">Wir sind <span style=\"color: #015798;\">f\u00fcr Sie<\/span> da!<\/span><\/h3>\n<\/div><\/div><\/div><div id=\"cz_93124\" class=\"cz_93124 cz_title clr cz_title_pos_inline\"><div class=\"cz_title_content\"><div class=\"cz_wpe_content\"><p><span style=\"font-size: 18px; color: #000;\">Senden Sie uns Ihre unverbindliche Anfrage mittels dem unten angef\u00fchrten Anfrageformular. Wir stehen Ihnen f\u00fcr weitere Fragen gerne zur Verf\u00fcgung und freuen uns auf Ihre Zusendungen.<\/span><\/p>\n<\/div><\/div><\/div><div class=\"cz_gap clr \" style=\"height: 60px\"><\/div><style id=\"wpforms-css-vars-2595\">\n\t\t\t\t#wpforms-2595 {\n\t\t\t\t--wpforms-field-size-input-height: 43px;\n--wpforms-field-size-input-spacing: 15px;\n--wpforms-field-size-font-size: 16px;\n--wpforms-field-size-line-height: 19px;\n--wpforms-field-size-padding-h: 14px;\n--wpforms-field-size-checkbox-size: 16px;\n--wpforms-field-size-sublabel-spacing: 5px;\n--wpforms-field-size-icon-size: 1;\n--wpforms-label-size-font-size: 16px;\n--wpforms-label-size-line-height: 19px;\n--wpforms-label-size-sublabel-font-size: 14px;\n--wpforms-label-size-sublabel-line-height: 17px;\n--wpforms-button-size-font-size: 17px;\n--wpforms-button-size-height: 41px;\n--wpforms-button-size-padding-h: 15px;\n--wpforms-button-size-margin-top: 10px;\n--wpforms-container-shadow-size-box-shadow: none;\n\t\t\t}\n\t\t\t<\/style><div class=\"wpforms-container wpforms-container-full wpforms-render-modern\" id=\"wpforms-2595\"><form id=\"wpforms-form-2595\" class=\"wpforms-validate wpforms-form wpforms-ajax-form\" data-formid=\"2595\" method=\"post\" enctype=\"multipart\/form-data\" action=\"\/at\/wp-json\/wp\/v2\/pages\/1077\" data-token=\"2d51f296b53dc500ed438a133b294677\" data-token-time=\"1776589971\"><noscript class=\"wpforms-error-noscript\">Bitte aktiviere JavaScript in deinem Browser, um dieses Formular fertigzustellen.<\/noscript><div id=\"wpforms-error-noscript\" style=\"display: none;\">Bitte aktiviere JavaScript in deinem Browser, um dieses Formular fertigzustellen.<\/div><div class=\"wpforms-field-container\"><div id=\"wpforms-2595-field_0-container\" class=\"wpforms-field wpforms-field-name\" data-field-id=\"0\"><label class=\"wpforms-field-label\" for=\"wpforms-2595-field_0\">Ihr Name <span class=\"wpforms-required-label\" aria-hidden=\"true\">*<\/span><\/label><input type=\"text\" id=\"wpforms-2595-field_0\" class=\"wpforms-field-medium wpforms-field-required\" name=\"wpforms[fields][0]\" aria-errormessage=\"wpforms-2595-field_0-error\" required><\/div><div id=\"wpforms-2595-field_1-container\" class=\"wpforms-field wpforms-field-email\" data-field-id=\"1\"><label class=\"wpforms-field-label\" for=\"wpforms-2595-field_1\">Ihre E-Mail <span class=\"wpforms-required-label\" aria-hidden=\"true\">*<\/span><\/label><input type=\"email\" id=\"wpforms-2595-field_1\" class=\"wpforms-field-medium wpforms-field-required\" name=\"wpforms[fields][1]\" spellcheck=\"false\" aria-errormessage=\"wpforms-2595-field_1-error\" required><\/div><div id=\"wpforms-2595-field_4-container\" class=\"wpforms-field wpforms-field-text\" data-field-id=\"4\"><label class=\"wpforms-field-label\" for=\"wpforms-2595-field_4\">Betreff<\/label><input type=\"text\" id=\"wpforms-2595-field_4\" class=\"wpforms-field-medium\" name=\"wpforms[fields][4]\" aria-errormessage=\"wpforms-2595-field_4-error\" ><\/div><div id=\"wpforms-2595-field_2-container\" class=\"wpforms-field wpforms-field-textarea\" data-field-id=\"2\"><label class=\"wpforms-field-label\" for=\"wpforms-2595-field_2\">Ihre Nachricht <span class=\"wpforms-required-label\" aria-hidden=\"true\">*<\/span><\/label><textarea id=\"wpforms-2595-field_2\" class=\"wpforms-field-medium wpforms-field-required\" name=\"wpforms[fields][2]\" aria-errormessage=\"wpforms-2595-field_2-error\" required><\/textarea><\/div><\/div><!-- .wpforms-field-container --><div class=\"wpforms-recaptcha-container wpforms-is-turnstile\" ><div class=\"cf-turnstile\" data-sitekey=\"0x4AAAAAACHXwlgWs9GZlLAh\" data-action=\"FormID-2595\"><\/div><input type=\"text\" name=\"g-recaptcha-hidden\" class=\"wpforms-recaptcha-hidden\" style=\"position:absolute!important;clip:rect(0,0,0,0)!important;height:1px!important;width:1px!important;border:0!important;overflow:hidden!important;padding:0!important;margin:0!important;\" data-rule-turnstile=\"1\"><\/div><div class=\"wpforms-submit-container\" ><input type=\"hidden\" name=\"wpforms[id]\" value=\"2595\"><input type=\"hidden\" name=\"page_title\" value=\"\"><input type=\"hidden\" name=\"page_url\" value=\"https:\/\/www.abfallbringtgeld.com\/at\/wp-json\/wp\/v2\/pages\/1077\"><input type=\"hidden\" name=\"url_referer\" value=\"\"><button type=\"submit\" name=\"wpforms[submit]\" id=\"wpforms-submit-2595\" class=\"wpforms-submit\" data-alt-text=\"Senden\u2026\" data-submit-text=\"Absenden\" aria-live=\"assertive\" value=\"wpforms-submit\">Absenden<\/button><img loading=\"lazy\" decoding=\"async\" src=\"https:\/\/www.abfallbringtgeld.com\/wp-content\/plugins\/wpforms\/assets\/images\/submit-spin.svg\" class=\"wpforms-submit-spinner\" style=\"display: none;\" width=\"26\" height=\"26\" alt=\"Wird geladen\"><\/div><\/form><\/div>  <!-- .wpforms-container -->[\/vc_column][vc_column offset=&#8220;vc_col-md-6&#8243;]<div class=\"cz_eqh cz_content_box_parent_fx  card-contact\"><div id=\"cz_25504\" class=\"cz_25504 cz_content_box clr\"><div class=\"cz_box_front clr\"><div class=\"cz_box_front_inner clr cz_content_box_full_after\"><span><\/span><div><div id=\"cz_56506\" class=\"cz_56506 services clr style1 cz_sbi_fx_11 left\"><div class=\"service_custom\"><i class=\"fa czico-007-phone-chat-with-wifi-signal\"><\/i><\/div><div class=\"service_text\"><h3>Telefon<\/h3><div class=\"cz_wpe_content\"><span style=\"font-size: 18px;\">+43 (0) 25 22 \/ 20 100 13<\/span><\/div><\/div><\/div><div id=\"cz_37880\" class=\"cz_37880 services clr style1 cz_sbi_fx_11 left\"><div class=\"service_custom\"><i class=\"fa czico-006-speech-bubble-with-text-lines\"><\/i><\/div><div class=\"service_text\"><h3>Email<\/h3><div class=\"cz_wpe_content\"><a href=\"mailto:office@abfallbringtgeld.at\"><span style=\"font-size: 18px;\">office@abfallbringtgeld.at<\/span><\/a><\/div><\/div><\/div><div id=\"cz_69959\" class=\"cz_69959 services clr style1 cz_sbi_fx_11 left\"><div class=\"service_custom\"><i class=\"fa czico-082-maps-and-flags\"><\/i><\/div><div class=\"service_text\"><h3>Adresse<\/h3><div class=\"cz_wpe_content\"><span style=\"font-size: 18px;\">Thayapark 17, AT-2136 Laa an der Thaya<\/span><\/div><\/div><\/div>[vc_gmaps link=&#8220;#E-8_JTNDaWZyYW1lJTIwc3JjJTNEJTIyaHR0cHMlM0ElMkYlMkZ3d3cuZ29vZ2xlLmNvbSUyRm1hcHMlMkZlbWJlZCUzRnBiJTNEJTIxMW0xOCUyMTFtMTIlMjExbTMlMjExZDI2MzIuNTU0NTA3ODM2NjQyNiUyMTJkMTYuMzcxNjU2MzE2MDAxOTUzJTIxM2Q0OC43MTM5OTUzMTg4MTYzOTQlMjEybTMlMjExZjAlMjEyZjAlMjEzZjAlMjEzbTIlMjExaTEwMjQlMjEyaTc2OCUyMTRmMTMuMSUyMTNtMyUyMTFtMiUyMTFzMHg0NzZkNDgyZmU3NzNjNmUzJTI1M0EweGNiNjI5OWYzMWEwMzQ0NTMlMjEyc0Rlbm5lciUyQkdtYkglMjE1ZTAlMjEzbTIlMjExc2RlJTIxMnNhdCUyMTR2MTUzOTI0MjM5NzEzOCUyMiUyMHdpZHRoJTNEJTIyNjAwJTIyJTIwaGVpZ2h0JTNEJTIyNDUwJTIyJTIwZnJhbWVib3JkZXIlM0QlMjIwJTIyJTIwc3R5bGUlM0QlMjJib3JkZXIlM0EwJTIyJTIwYWxsb3dmdWxsc2NyZWVuJTNFJTNDJTJGaWZyYW1lJTNF&#8220; size=&#8220;&#8220;]<\/div><\/div><\/div><\/div><\/div>[\/vc_column][\/vc_row][vc_row][vc_column][vc_column_text][\/vc_column_text][\/vc_column][\/vc_row]<\/p>\n<\/div>","protected":false},"excerpt":{"rendered":"[vc_row][vc_column][vc_column_text][\/vc_column_text][\/vc_column][\/vc_row][vc_row full_width=\"stretch_row\"][vc_column offset=\"vc_col-md-6\"]Schreiben Sie uns! Wir sind f\u00fcr Sie da! Senden Sie uns Ihre unverbindliche Anfrage mittels dem unten angef\u00fchrten","protected":false},"author":1,"featured_media":0,"parent":0,"menu_order":0,"comment_status":"closed","ping_status":"closed","template":"","meta":{"footnotes":""},"class_list":["post-1077","page","type-page","status-publish","hentry"],"_links":{"self":[{"href":"https:\/\/www.abfallbringtgeld.com\/at\/wp-json\/wp\/v2\/pages\/1077","targetHints":{"allow":["GET"]}}],"collection":[{"href":"https:\/\/www.abfallbringtgeld.com\/at\/wp-json\/wp\/v2\/pages"}],"about":[{"href":"https:\/\/www.abfallbringtgeld.com\/at\/wp-json\/wp\/v2\/types\/page"}],"author":[{"embeddable":true,"href":"https:\/\/www.abfallbringtgeld.com\/at\/wp-json\/wp\/v2\/users\/1"}],"replies":[{"embeddable":true,"href":"https:\/\/www.abfallbringtgeld.com\/at\/wp-json\/wp\/v2\/comments?post=1077"}],"version-history":[{"count":64,"href":"https:\/\/www.abfallbringtgeld.com\/at\/wp-json\/wp\/v2\/pages\/1077\/revisions"}],"predecessor-version":[{"id":3270,"href":"https:\/\/www.abfallbringtgeld.com\/at\/wp-json\/wp\/v2\/pages\/1077\/revisions\/3270"}],"wp:attachment":[{"href":"https:\/\/www.abfallbringtgeld.com\/at\/wp-json\/wp\/v2\/media?parent=1077"}],"curies":[{"name":"wp","href":"https:\/\/api.w.org\/{rel}","templated":true}]}}