{"id":1570,"date":"2019-01-21T15:37:27","date_gmt":"2019-01-21T14:37:27","guid":{"rendered":"https:\/\/www.abfallbringtgeld.com\/?page_id=1570"},"modified":"2025-10-03T13:55:34","modified_gmt":"2025-10-03T11:55:34","slug":"impressum","status":"publish","type":"page","link":"https:\/\/www.abfallbringtgeld.com\/at\/impressum\/","title":{"rendered":"Impressum"},"content":{"rendered":"<div class=\"wpb-content-wrapper\"><p>[vc_row][vc_column][vc_column_text][\/vc_column_text][\/vc_column][\/vc_row][vc_row][vc_column]<div id=\"cz_40376\" class=\"cz_40376 cz_title clr cz_title_pos_inline\"><div class=\"cz_title_content\"><div class=\"cz_wpe_content\"><h3><span style=\"font-size: 36px;\">F\u00fcr den <span style=\"color: #009ee0;\">Inhalt<\/span> verantwortlich<\/span><\/h3>\n<\/div><\/div><\/div>[\/vc_column][\/vc_row][vc_row][vc_column][vc_column_text css=&#8220;&#8220;]<strong><span style=\"color: #1d8fcf;\">Denner GmbH<\/span><br \/>\n<\/strong>Thayapark 17<br \/>\n2136 Laa an der Thaya<br \/>\n\u00d6sterreich<br \/>\n+43 (0) 25 22 \/ 20 100 13<br \/>\n<span style=\"color: #1d8fcf;\"><a style=\"color: #1d8fcf;\" href=\"mailto:office@abfallbringtgeld.at\">office@abfallbringtgeld.at<\/a><\/span><\/p>\n<p>UID-\u00adNr.: ATU 67622977<br \/>\nGerichtsstand Korneuburg, FN 390032 b<br \/>\nGLN Nummer: 9008390903568<br \/>\nGesch\u00e4ftsf\u00fchrer: Gottfried Denner<\/p>\n<p>Online-Streitbeilegung gem\u00e4\u00df Art. 14 Abs. 1 ODR-VO: Die Europ\u00e4ische Kommission stellt eine Plattform zur Online-Streitbeilegung (OS) unter <a href=\"https:\/\/ec.europa.eu\/consumers\/odr\/\" target=\"_blank\" rel=\"noopener\">https:\/\/ec.europa.eu\/consumers\/odr\/<\/a> bereit.<\/p>\n<p><a href=\"https:\/\/firmen.wko.at\/denner-gmbh\/nieder%c3%b6sterreich\/?firmaid=87b9b53d-80a3-4646-9925-d17f1697c15b&amp;suchbegriff=denner%20gmbh\" target=\"_blank\" rel=\"noopener\"><strong>Informationspflicht lt. ECG und Mediengesetz auf wko.at<\/strong><\/a><\/p>\n<p><strong>Fotonachweise<\/strong><\/p>\n<p><strong>Quelle &#8211; www.shutterstock.com<\/strong><br \/>\nFormat: Bildnummer, Copyright;<\/p>\n<p>#1147655168, BGStock72; #560505805, davooda; #1119997310, SeventyFour; #127260329, Robert Kneschke; #325471313, wavebreakmedia; #347462000, stockfour; #745046065, Diego Cervo;<br \/>\nPixabay, Canva<\/p>\n<p><strong>Copyright\/Haftungsausschluss<\/strong><\/p>\n<p>Inhalte (Bilder und Texte) dieser Website d\u00fcrfen ohne ausdr\u00fcckliche Zustimmung nicht f\u00fcr \u00fcber diese Website hinausgehende Zwecke verwendet werden.<br \/>\nDenner GmbH \u00fcbernimmt keine Haftung f\u00fcr Datenverlust oder andere technische Beeintr\u00e4chtigungen, die beim Betrachten oder Herunterladen von Daten dieser Website entstehen k\u00f6nnen.<\/p>\n<p>Links zu Websites Dritter werden ausschliesslich als Angebot f\u00fcr den Nutzer zur Verf\u00fcgung gestellt. Damit verbunden ist keine Billigung des Inhalts dieser Websites durch Denner GmbH. Denner GmbH ist f\u00fcr den Inhalt dieser Websites nicht verantwortlich und steht daher auch nicht f\u00fcr den Inhalt und die Genauigkeit der Informationen auf diesen Websites ein. Jeder Zugriff auf diese Websites erfolgt auf eigene Verantwortung des Nutzers.<\/p>\n<p>Irrt\u00fcmer und \u00c4nderungen vorbehalten.<\/p>\n<p><strong>Konzept und Umsetzung<\/strong><\/p>\n<p>Life Design \u2013 Die Webagentur im Weinviertel<br \/>\nMillenniumsstra\u00dfe 30<br \/>\n2170 Poysdorf<br \/>\nTelefon:\u00a0<a href=\"tel:+43255220889\">+43 2552 20889<\/a><br \/>\nE-Mail:\u00a0<a href=\"mailto:go@lifedesign.at\">go@lifedesign.at<\/a><br \/>\nWebseite:\u00a0<a href=\"http:\/\/www.lifedesign.at\/\" target=\"_blank\" rel=\"noopener\">www.lifedesign.at<\/a>[\/vc_column_text][\/vc_column][\/vc_row][vc_row][vc_column][vc_column_text][\/vc_column_text][\/vc_column][\/vc_row]<\/p>\n<\/div>","protected":false},"excerpt":{"rendered":"<p>Denner GmbH Thayapark 17 2136 Laa an der Thaya \u00d6sterreich +43 &#8230; <\/p>\n","protected":false},"author":1,"featured_media":0,"parent":0,"menu_order":0,"comment_status":"closed","ping_status":"closed","template":"","meta":{"footnotes":""},"class_list":["post-1570","page","type-page","status-publish","hentry"],"_links":{"self":[{"href":"https:\/\/www.abfallbringtgeld.com\/at\/wp-json\/wp\/v2\/pages\/1570","targetHints":{"allow":["GET"]}}],"collection":[{"href":"https:\/\/www.abfallbringtgeld.com\/at\/wp-json\/wp\/v2\/pages"}],"about":[{"href":"https:\/\/www.abfallbringtgeld.com\/at\/wp-json\/wp\/v2\/types\/page"}],"author":[{"embeddable":true,"href":"https:\/\/www.abfallbringtgeld.com\/at\/wp-json\/wp\/v2\/users\/1"}],"replies":[{"embeddable":true,"href":"https:\/\/www.abfallbringtgeld.com\/at\/wp-json\/wp\/v2\/comments?post=1570"}],"version-history":[{"count":25,"href":"https:\/\/www.abfallbringtgeld.com\/at\/wp-json\/wp\/v2\/pages\/1570\/revisions"}],"predecessor-version":[{"id":3269,"href":"https:\/\/www.abfallbringtgeld.com\/at\/wp-json\/wp\/v2\/pages\/1570\/revisions\/3269"}],"wp:attachment":[{"href":"https:\/\/www.abfallbringtgeld.com\/at\/wp-json\/wp\/v2\/media?parent=1570"}],"curies":[{"name":"wp","href":"https:\/\/api.w.org\/{rel}","templated":true}]}}