{"id":2421,"date":"2022-07-01T11:45:40","date_gmt":"2022-07-01T09:45:40","guid":{"rendered":"https:\/\/www.abfallbringtgeld.com\/?page_id=2421"},"modified":"2023-10-04T11:39:58","modified_gmt":"2023-10-04T09:39:58","slug":"jobs-karriere","status":"publish","type":"page","link":"https:\/\/www.abfallbringtgeld.com\/at\/jobs-karriere\/","title":{"rendered":"Jobs &#038; Karriere"},"content":{"rendered":"<div class=\"wpb-content-wrapper\"><p>[vc_row][vc_column][vc_column_text][\/vc_column_text][\/vc_column][\/vc_row][vc_row][vc_column][vc_column_text][\/vc_column_text][\/vc_column][\/vc_row][vc_row][vc_column width=&#8220;1\/2&#8243;]<div id=\"cz_24645\" class=\"cz_24645 cz_title clr cz_title_pos_inline\"><div class=\"cz_title_content\"><div class=\"cz_wpe_content\"><p><span style=\"font-size: 18px; color: #aaaaaa;\">Wir freuen uns auf Dich!<br \/>\n<\/span><\/p>\n<h3><span style=\"font-size: 38px;\">Jobs bei Abfall bringt Geld!<\/span><\/h3>\n<\/div><\/div><\/div><div class=\"cz_gap clr \" style=\"height: 30px\"><\/div>[vc_column_text]Hinter Abfall bringt Geld steckt das <strong>Familienunternehmen<\/strong> der Denner GmbH. Seit 2008 sammeln &amp; recyceln wir <strong>erfolgreich<\/strong> monatlich \u00fcber 500.000 leere Druckerpatronen &amp; Toner und tragen dazu aktiv bei, dass die Natur im Kleinen gesch\u00fctzt wird und <strong>wichtige Rohstoffe<\/strong> dem Wertstoffkreislauf zur\u00fcck gef\u00fchrt werden.<\/p>\n<p>Wir tr\u00e4umen <strong>gro\u00df<\/strong> und m\u00f6chten, dass in Zukunft kein Druckerleergut mehr im Restm\u00fcll landet und das weltweit! M\u00f6chtest du Teil eines <strong>jungen &amp; dynamischen Teams<\/strong> sein und uns bei dieser Mission unterst\u00fctzen? Wir suchen laufend neue KollegInnen mit einer gro\u00dfen Portion Leidenschaft.<\/p>\n<p>Schau einfach <span style=\"color: #1d8fcf;\"><a style=\"color: #1d8fcf;\" href=\"https:\/\/www.denner.group\/#Jobs\">HIER<\/a><\/span> vorbei, ob wir momentan offene Stellen zu vergeben haben.<\/p>\n<p>Auch wenn wir mal keine offenen Stellen zur Verf\u00fcgung haben, freuen wir uns \u00fcber jede Initiativbewerbung. Schick uns einfach deinen Lebenslauf nebst Bewerbungsschreiben am liebsten per Mail an <a href=\"mailto:bewerbung@denner.group\">bewerbung@denner.group<\/a><\/p>\n<p>Wir freuen uns dich kennenzulernen.[\/vc_column_text][vc_column_text][\/vc_column_text]<div class=\"cz_gap clr \" style=\"height: 30px\"><\/div>[\/vc_column][vc_column width=&#8220;1\/2&#8243;]<div id=\"cz_16932\" data-position=\"top-right\" class=\"cz_16932 cz_image clr cz_image_no_fx center_on_mobile\"><div class=\"cz_svg_bg\" ><div class=\"cz_image_in\"><div class=\"cz_main_image\"><img loading=\"lazy\" decoding=\"async\" width=\"1920\" height=\"1000\" src=\"https:\/\/www.abfallbringtgeld.com\/wp-content\/uploads\/2022\/07\/Jobs_Abfallbringtgeld-1.jpg\" class=\"attachment-full\" alt=\"Wort Jobs aus bunten Buchstaben ausgeschnitten und an einer Korkwand befestigt\" title=\"Jobs_Abfallbringtgeld\" srcset=\"https:\/\/www.abfallbringtgeld.com\/wp-content\/uploads\/2022\/07\/Jobs_Abfallbringtgeld-1.jpg 1920w, https:\/\/www.abfallbringtgeld.com\/wp-content\/uploads\/2022\/07\/Jobs_Abfallbringtgeld-1-300x156.jpg 300w, https:\/\/www.abfallbringtgeld.com\/wp-content\/uploads\/2022\/07\/Jobs_Abfallbringtgeld-1-1024x533.jpg 1024w, https:\/\/www.abfallbringtgeld.com\/wp-content\/uploads\/2022\/07\/Jobs_Abfallbringtgeld-1-768x400.jpg 768w, https:\/\/www.abfallbringtgeld.com\/wp-content\/uploads\/2022\/07\/Jobs_Abfallbringtgeld-1-1536x800.jpg 1536w, https:\/\/www.abfallbringtgeld.com\/wp-content\/uploads\/2022\/07\/Jobs_Abfallbringtgeld-1-600x313.jpg 600w\" sizes=\"auto, (max-width: 1920px) 100vw, 1920px\" \/><\/div><\/div><\/div><\/div><div class=\"cz_gap clr \" style=\"height: 30px\"><\/div><div class=\"cz_gap clr \" style=\"height: 30px\"><\/div><div class=\"cz_gap clr \" style=\"height: 30px\"><\/div><div id=\"cz_38544\" data-position=\"top-right\" class=\"cz_38544 cz_image clr cz_image_no_fx center_on_mobile\"><div class=\"cz_svg_bg\" ><div class=\"cz_image_in\"><div class=\"cz_main_image\"><img loading=\"lazy\" decoding=\"async\" width=\"1920\" height=\"1000\" src=\"https:\/\/www.abfallbringtgeld.com\/wp-content\/uploads\/2022\/07\/Team_Abfallbringtgeld-1.jpg\" class=\"attachment-full\" alt=\"Mehrere H\u00e4nde bilden gemeinsam einen Kreis vor blauem Himmel \u2013 Symbol f\u00fcr Zusammenhalt und gemeinsames Ziel\" title=\"Team_Abfallbringtgeld\" srcset=\"https:\/\/www.abfallbringtgeld.com\/wp-content\/uploads\/2022\/07\/Team_Abfallbringtgeld-1.jpg 1920w, https:\/\/www.abfallbringtgeld.com\/wp-content\/uploads\/2022\/07\/Team_Abfallbringtgeld-1-300x156.jpg 300w, https:\/\/www.abfallbringtgeld.com\/wp-content\/uploads\/2022\/07\/Team_Abfallbringtgeld-1-1024x533.jpg 1024w, https:\/\/www.abfallbringtgeld.com\/wp-content\/uploads\/2022\/07\/Team_Abfallbringtgeld-1-768x400.jpg 768w, https:\/\/www.abfallbringtgeld.com\/wp-content\/uploads\/2022\/07\/Team_Abfallbringtgeld-1-1536x800.jpg 1536w, https:\/\/www.abfallbringtgeld.com\/wp-content\/uploads\/2022\/07\/Team_Abfallbringtgeld-1-600x313.jpg 600w\" sizes=\"auto, (max-width: 1920px) 100vw, 1920px\" \/><\/div><\/div><\/div><\/div>[\/vc_column][\/vc_row]<\/p>\n<\/div>","protected":false},"excerpt":{"rendered":"<p>Hinter Abfall bringt Geld steckt das Familienunternehmen der Denner GmbH. Seit &#8230; <\/p>\n","protected":false},"author":1,"featured_media":0,"parent":0,"menu_order":0,"comment_status":"closed","ping_status":"closed","template":"","meta":{"footnotes":""},"class_list":["post-2421","page","type-page","status-publish","hentry"],"_links":{"self":[{"href":"https:\/\/www.abfallbringtgeld.com\/at\/wp-json\/wp\/v2\/pages\/2421","targetHints":{"allow":["GET"]}}],"collection":[{"href":"https:\/\/www.abfallbringtgeld.com\/at\/wp-json\/wp\/v2\/pages"}],"about":[{"href":"https:\/\/www.abfallbringtgeld.com\/at\/wp-json\/wp\/v2\/types\/page"}],"author":[{"embeddable":true,"href":"https:\/\/www.abfallbringtgeld.com\/at\/wp-json\/wp\/v2\/users\/1"}],"replies":[{"embeddable":true,"href":"https:\/\/www.abfallbringtgeld.com\/at\/wp-json\/wp\/v2\/comments?post=2421"}],"version-history":[{"count":13,"href":"https:\/\/www.abfallbringtgeld.com\/at\/wp-json\/wp\/v2\/pages\/2421\/revisions"}],"predecessor-version":[{"id":2711,"href":"https:\/\/www.abfallbringtgeld.com\/at\/wp-json\/wp\/v2\/pages\/2421\/revisions\/2711"}],"wp:attachment":[{"href":"https:\/\/www.abfallbringtgeld.com\/at\/wp-json\/wp\/v2\/media?parent=2421"}],"curies":[{"name":"wp","href":"https:\/\/api.w.org\/{rel}","templated":true}]}}