{"id":882,"date":"2018-05-29T11:11:20","date_gmt":"2018-05-29T11:11:20","guid":{"rendered":"http:\/\/xtratheme.com\/default\/?page_id=7"},"modified":"2025-10-03T11:48:17","modified_gmt":"2025-10-03T09:48:17","slug":"ueber-uns","status":"publish","type":"page","link":"https:\/\/www.abfallbringtgeld.com\/at\/ueber-uns\/","title":{"rendered":"\u00dcber uns"},"content":{"rendered":"<div class=\"wpb-content-wrapper\"><p>[vc_row][vc_column]<div id=\"cz_51044\" class=\"cz_51044 cz_title clr cz_title_pos_inline\"><div class=\"cz_title_content\"><div class=\"cz_wpe_content\"><p><span style=\"font-size: 18px; color: #333;\">Lernen Sie uns kennen<\/span><\/p>\n<h3><span style=\"font-size: 38px;\">Wie Abfall Ihnen Geld <span style=\"color: #015798;\">bringt<\/span> &amp; die Umwelt schont!<\/span><\/h3>\n<\/div><\/div><\/div><div class=\"cz_gap clr \" style=\"height: 50px\"><\/div>[vc_row_inner][vc_column_inner width=&#8220;1\/2&#8243;]<div id=\"cz_94337\" class=\"cz_94337 cz_title clr cz_title_pos_inline\"><div class=\"cz_title_content\"><div class=\"cz_wpe_content\"><p><span style=\"font-size: 18px; color: #000;\">Wir sind ein Familienunternehmen mit Sitz in Laa an der Thaya, in \u00d6sterreich und besch\u00e4ftigen uns seit 2008 mit Tinten- und Tonerleergut. Derzeit verarbeiten wir ca. <strong>500.000 St\u00fcck leere Toner und Tintenpatronen pro Monat<\/strong>.<\/span><\/p>\n<\/div><\/div><\/div><div class=\"cz_gap clr \" style=\"height: 50px\"><\/div><div id=\"cz_30742\" class=\"cz_30742 cz_title clr cz_title_pos_inline\"><div class=\"cz_title_content\"><div class=\"cz_wpe_content\"><p><span style=\"font-size: 18px; color: #000000;\">Leider landen fast <strong>70%<\/strong> der anfallenden leeren Druckerpatronen immer noch im M\u00fcll. Ein <strong>riesiger M\u00fcllberg<\/strong> der jedes Jahr w\u00e4chst und die Umwelt stark belastet. Dabei eignen sich die meisten leeren Toner und Tinten f\u00fcrs <strong>Recycling<\/strong>. Jede Tintenpatrone oder jeder Toner der wiederbef\u00fcllt wird, wirkt sich positiv auf unsere Umwelt aus, denn je mehr Kartuschen wiederbef\u00fcllt werden, desto weniger m\u00fcssen neu produziert werden. Dies sch\u00fctzt unsere Umwelt und spart <strong>wichtige Rohstoffe<\/strong> wie Aluminium, Eisen &amp; verschiedene Kunststoffe.<\/span><\/p>\n<\/div><\/div><\/div><div class=\"cz_gap clr \" style=\"height: 50px\"><\/div>[\/vc_column_inner][vc_column_inner width=&#8220;1\/2&#8243;]<div id=\"cz_99459\" data-position=\"top-right\" class=\"cz_99459 cz_image clr cz_image_no_fx center_on_mobile\"><div class=\"cz_svg_bg\" ><div class=\"cz_image_in\"><div class=\"cz_main_image\"><img loading=\"lazy\" decoding=\"async\" width=\"1920\" height=\"1000\" src=\"https:\/\/www.abfallbringtgeld.com\/wp-content\/uploads\/2021\/11\/Bilder_Webseite_Abfallbringtgeld.png\" class=\"attachment-full\" alt=\"Gr\u00fcne Pflanze w\u00e4chst aus einem Glas voller M\u00fcnzen \u2013 steht f\u00fcr umweltfreundliches Wirtschaften\" title=\"Bilder_Webseite_Abfallbringtgeld\" srcset=\"https:\/\/www.abfallbringtgeld.com\/wp-content\/uploads\/2021\/11\/Bilder_Webseite_Abfallbringtgeld.png 1920w, https:\/\/www.abfallbringtgeld.com\/wp-content\/uploads\/2021\/11\/Bilder_Webseite_Abfallbringtgeld-300x156.png 300w, https:\/\/www.abfallbringtgeld.com\/wp-content\/uploads\/2021\/11\/Bilder_Webseite_Abfallbringtgeld-1024x533.png 1024w, https:\/\/www.abfallbringtgeld.com\/wp-content\/uploads\/2021\/11\/Bilder_Webseite_Abfallbringtgeld-768x400.png 768w, https:\/\/www.abfallbringtgeld.com\/wp-content\/uploads\/2021\/11\/Bilder_Webseite_Abfallbringtgeld-1536x800.png 1536w, https:\/\/www.abfallbringtgeld.com\/wp-content\/uploads\/2021\/11\/Bilder_Webseite_Abfallbringtgeld-600x313.png 600w\" sizes=\"auto, (max-width: 1920px) 100vw, 1920px\" \/><\/div><\/div><\/div><\/div>[\/vc_column_inner][\/vc_row_inner][vc_row_inner][vc_column_inner width=&#8220;1\/2&#8243;]<div id=\"cz_92109\" class=\"cz_92109 cz_title clr cz_title_pos_inline\"><div class=\"cz_title_content\"><div class=\"cz_wpe_content\"><p><span style=\"font-size: 18px; color: #000;\">Jeder einzelne von Ihnen kann etwas f\u00fcr die Umwelt beitragen und bekommt daf\u00fcr auch noch Geld. Doch nicht nur Geld z\u00e4hlt, sondern auch Ihre <strong>Spende<\/strong>, die wir automatisch f\u00fcr jedes leeres St\u00fcckgut weitergeben und nat\u00fcrlich die <strong>Umweltentlastung<\/strong> f\u00fcr die Sie einen wertvollen Beitrag leisten. Da der Rohstoff leerer Druckerpatronen derzeit sehr begehrt ist, k\u00f6nnen wir Ihnen <strong>H\u00f6chstpreise<\/strong> f\u00fcr Ihr Leergut anbieten. Schauen Sie auf unserer <a href=\"https:\/\/www.abfallbringtgeld.com\/at\/ankauf\/\">Ankaufsseite<\/a> vorbei. F\u00fcr defekte Patronen k\u00f6nnen wir leider nichts verg\u00fcten, diese werden aber gerne von uns <strong>fachgerecht<\/strong>, unter strengen Sicherheitsauflagen,<strong> entsorgt<\/strong>. <\/span><\/p>\n<p>&nbsp;<\/p>\n<p><span style=\"color: #000000;\"><span style=\"font-size: 18px;\"><strong>Sie wollen hinter die Kulissen schauen?<\/strong> Dann schauen Sie sich unseren kurzen Imagefilm an und erfahren Sie alles zum Konzept <\/span><span style=\"font-size: 18px;\"><em>Abfall bringt Geld.<\/em><\/span><\/span><span style=\"font-size: 18px; color: #666666;\"><br \/>\n<\/span><\/p>\n<\/div><\/div><\/div>[\/vc_column_inner][vc_column_inner width=&#8220;1\/2&#8243;]<div id=\"cz_96409\" data-position=\"top-right\" class=\"cz_96409 cz_image clr cz_image_no_fx center_on_mobile\"><div class=\"cz_svg_bg\" ><div class=\"cz_image_in\"><div class=\"cz_main_image\"><img loading=\"lazy\" decoding=\"async\" width=\"1920\" height=\"1000\" src=\"https:\/\/www.abfallbringtgeld.com\/wp-content\/uploads\/2018\/12\/ueber_uns_1.jpg\" class=\"attachment-full\" alt=\"Viele recycelte Tintenpatronen in Nahaufnahme \u2013 Teil des Recyclingprozesses\" title=\"ueber_uns_1\" srcset=\"https:\/\/www.abfallbringtgeld.com\/wp-content\/uploads\/2018\/12\/ueber_uns_1.jpg 1920w, https:\/\/www.abfallbringtgeld.com\/wp-content\/uploads\/2018\/12\/ueber_uns_1-300x156.jpg 300w, https:\/\/www.abfallbringtgeld.com\/wp-content\/uploads\/2018\/12\/ueber_uns_1-768x400.jpg 768w, https:\/\/www.abfallbringtgeld.com\/wp-content\/uploads\/2018\/12\/ueber_uns_1-1024x533.jpg 1024w, https:\/\/www.abfallbringtgeld.com\/wp-content\/uploads\/2018\/12\/ueber_uns_1-600x313.jpg 600w\" sizes=\"auto, (max-width: 1920px) 100vw, 1920px\" \/><\/div><\/div><\/div><\/div>[\/vc_column_inner][\/vc_row_inner]<div class=\"cz_gap clr \" style=\"height: 100px\"><\/div><div id=\"cz_107656\" class=\"cz_107656 cz_title clr cz_title_pos_inline\"><div class=\"cz_title_content\"><div class=\"cz_wpe_content\"><h3><span style=\"font-size: 38px;\">Das sind wir &#8211; Abfall bringt Geld<\/span><\/h3>\n<\/div><\/div><\/div><div class=\"cz_gap clr \" style=\"height: 30px\"><\/div><a href=\"https:\/\/youtu.be\/ao_zSsp2pXs\" target=\"_blank\"><div id=\"cz_62364\" data-position=\"top-right\" class=\"cz_62364 cz_image clr cz_image_no_fx center_on_mobile\"><div class=\"cz_svg_bg\" ><div class=\"cz_image_in\"><div class=\"cz_main_image\"><img loading=\"lazy\" decoding=\"async\" width=\"1274\" height=\"553\" src=\"https:\/\/www.abfallbringtgeld.com\/wp-content\/uploads\/2023\/02\/youtube.jpg\" class=\"attachment-full\" alt=\"Vorschaubild eines Videos: l\u00e4chelnde Frau im Lager \u2013 steht f\u00fcr Kompetenz und Kundenn\u00e4he\" title=\"youtube\" srcset=\"https:\/\/www.abfallbringtgeld.com\/wp-content\/uploads\/2023\/02\/youtube.jpg 1274w, https:\/\/www.abfallbringtgeld.com\/wp-content\/uploads\/2023\/02\/youtube-300x130.jpg 300w, https:\/\/www.abfallbringtgeld.com\/wp-content\/uploads\/2023\/02\/youtube-1024x444.jpg 1024w, https:\/\/www.abfallbringtgeld.com\/wp-content\/uploads\/2023\/02\/youtube-768x333.jpg 768w, https:\/\/www.abfallbringtgeld.com\/wp-content\/uploads\/2023\/02\/youtube-600x260.jpg 600w\" sizes=\"auto, (max-width: 1274px) 100vw, 1274px\" \/><\/div><\/div><\/div><\/div><\/a><div class=\"cz_gap clr \" style=\"height: 100px\"><\/div>[\/vc_column][\/vc_row][vc_row][vc_column]<div class=\"cz_gap clr \" style=\"height: 100px\"><\/div>[\/vc_column][\/vc_row][vc_row full_width=&#8220;stretch_row&#8220; css=&#8220;.vc_custom_1757490427390{background-color: #015798 !important;}&#8220;][vc_column]<div class=\"cz_gap clr  hide_on_tablet hide_on_mobile\" style=\"height: 100px\"><\/div><div class=\"cz_gap show_on_tablet clr \" style=\"height: 60px\"><\/div>[vc_row_inner][vc_column_inner width=&#8220;1\/4&#8243;]<div id=\"cz_68213\" class=\"cz_68213 cz_title clr cz_title_pos_inline\"><div class=\"cz_title_content\"><div class=\"cz_wpe_content\"><h3 style=\"line-height: 1;\"><span style=\"font-size: 46px; color: #ffffff;\"><strong>ABFALL<\/strong><\/span><\/h3>\n<h3 style=\"line-height: 1;\"><span style=\"font-size: 46px; color: #ffffff;\"><strong>BRINGT<\/strong><\/span><\/h3>\n<h3 style=\"line-height: 1;\"><span style=\"font-size: 46px; color: #ffffff;\"><strong>GELD<\/strong><\/span><\/h3>\n<\/div><\/div><\/div>[\/vc_column_inner][vc_column_inner width=&#8220;1\/4&#8243; offset=&#8220;vc_col-md-3&#8243;]<div id=\"cz_95515\" data-disable-comma=\"\" data-duration=\"4000\" data-delay=\"1000\" class=\"cz_95515 cz_counter clr tac cz_2rows\"><div class=\"\"><span class=\"cz_counter_num_wrap\"><span class=\"cz_counter_num\">3<\/span><i>Mio<\/i><\/span><span class=\"cz_counter_after\">Patronen\/Jahr<\/span><\/div><\/div>[\/vc_column_inner][vc_column_inner width=&#8220;1\/4&#8243;]<div id=\"cz_91221\" data-disable-comma=\"\" data-duration=\"4000\" data-delay=\"2000\" class=\"cz_91221 cz_counter clr tac cz_2rows\"><div class=\"\"><span class=\"cz_counter_num_wrap\"><span class=\"cz_counter_num\">50<\/span><i>Tsd<\/i><\/span><span class=\"cz_counter_after\">Einsender<\/span><\/div><\/div>[\/vc_column_inner][vc_column_inner width=&#8220;1\/4&#8243;]<div id=\"cz_101720\" data-disable-comma=\"\" data-duration=\"4000\" data-delay=\"0000\" class=\"cz_101720 cz_counter clr tac cz_2rows\"><div class=\"\"><span class=\"cz_counter_num_wrap\"><span class=\"cz_counter_num\">100<\/span><i>%<\/i><\/span><span class=\"cz_counter_after\">Recycling<\/span><\/div><\/div>[\/vc_column_inner][\/vc_row_inner]<div class=\"cz_gap clr  hide_on_tablet hide_on_mobile\" style=\"height: 100px\"><\/div><div class=\"cz_gap show_on_tablet clr \" style=\"height: 50px\"><\/div>[\/vc_column][\/vc_row][vc_row][vc_column]<div class=\"cz_gap clr \" style=\"height: 80px\"><\/div><div id=\"cz_95346\" class=\"cz_95346 cz_title clr cz_title_pos_inline\"><div class=\"cz_title_content\"><div class=\"cz_wpe_content\"><p><span style=\"font-size: 18px; color: #333;\">Engagiert &amp; motiviert<\/span><\/p>\n<h3><span style=\"font-size: 38px;\">Einblicke aus<span style=\"color: #015798;\"> unserem<\/span> Sortierzentrum<\/span><\/h3>\n<\/div><\/div><\/div><div class=\"cz_gap clr \" style=\"height: 70px\"><\/div>[vc_row_inner][vc_column_inner width=&#8220;1\/2&#8243;]<div id=\"cz_27721\" data-position=\"top-right\" class=\"cz_27721 cz_image clr cz_image_no_fx center_on_mobile\"><div class=\"cz_svg_bg\" ><div class=\"cz_image_in\"><div class=\"cz_main_image\"><img loading=\"lazy\" decoding=\"async\" width=\"1920\" height=\"1000\" src=\"https:\/\/www.abfallbringtgeld.com\/wp-content\/uploads\/2019\/01\/ueber_uns_4.jpg\" class=\"attachment-full\" alt=\"Mitarbeiterin im Sortierzentrum h\u00e4lt eine Box mit recycelten Produkten\" title=\"ueber_uns_4\" srcset=\"https:\/\/www.abfallbringtgeld.com\/wp-content\/uploads\/2019\/01\/ueber_uns_4.jpg 1920w, https:\/\/www.abfallbringtgeld.com\/wp-content\/uploads\/2019\/01\/ueber_uns_4-300x156.jpg 300w, https:\/\/www.abfallbringtgeld.com\/wp-content\/uploads\/2019\/01\/ueber_uns_4-768x400.jpg 768w, https:\/\/www.abfallbringtgeld.com\/wp-content\/uploads\/2019\/01\/ueber_uns_4-1024x533.jpg 1024w, https:\/\/www.abfallbringtgeld.com\/wp-content\/uploads\/2019\/01\/ueber_uns_4-600x313.jpg 600w\" sizes=\"auto, (max-width: 1920px) 100vw, 1920px\" \/><\/div><\/div><\/div><\/div>[\/vc_column_inner][vc_column_inner width=&#8220;1\/2&#8243;]<div id=\"cz_58475\" data-position=\"top-right\" class=\"cz_58475 cz_image clr cz_image_no_fx center_on_mobile\"><div class=\"cz_svg_bg\" ><div class=\"cz_image_in\"><div class=\"cz_main_image\"><img loading=\"lazy\" decoding=\"async\" width=\"1920\" height=\"1000\" src=\"https:\/\/www.abfallbringtgeld.com\/wp-content\/uploads\/2019\/01\/ueber_uns_5.jpg\" class=\"attachment-full\" alt=\"Gabelstapler transportiert Kartons im Lager\" title=\"ueber_uns_5\" srcset=\"https:\/\/www.abfallbringtgeld.com\/wp-content\/uploads\/2019\/01\/ueber_uns_5.jpg 1920w, https:\/\/www.abfallbringtgeld.com\/wp-content\/uploads\/2019\/01\/ueber_uns_5-300x156.jpg 300w, https:\/\/www.abfallbringtgeld.com\/wp-content\/uploads\/2019\/01\/ueber_uns_5-768x400.jpg 768w, https:\/\/www.abfallbringtgeld.com\/wp-content\/uploads\/2019\/01\/ueber_uns_5-1024x533.jpg 1024w, https:\/\/www.abfallbringtgeld.com\/wp-content\/uploads\/2019\/01\/ueber_uns_5-600x313.jpg 600w\" sizes=\"auto, (max-width: 1920px) 100vw, 1920px\" \/><\/div><\/div><\/div><\/div>[\/vc_column_inner][\/vc_row_inner]<div class=\"cz_gap clr \" style=\"height: 70px\"><\/div>[vc_row_inner][vc_column_inner width=&#8220;1\/2&#8243;]<div id=\"cz_14390\" data-position=\"top-right\" class=\"cz_14390 cz_image clr cz_image_no_fx center_on_mobile\"><div class=\"cz_svg_bg\" ><div class=\"cz_image_in\"><div class=\"cz_main_image\"><img loading=\"lazy\" decoding=\"async\" width=\"1920\" height=\"1000\" src=\"https:\/\/www.abfallbringtgeld.com\/wp-content\/uploads\/2020\/04\/ueber_uns_8.jpg\" class=\"attachment-full\" alt=\"Hohe Lagerregale gef\u00fcllt mit Kartons\" title=\"ueber_uns_8\" srcset=\"https:\/\/www.abfallbringtgeld.com\/wp-content\/uploads\/2020\/04\/ueber_uns_8.jpg 1920w, https:\/\/www.abfallbringtgeld.com\/wp-content\/uploads\/2020\/04\/ueber_uns_8-300x156.jpg 300w, https:\/\/www.abfallbringtgeld.com\/wp-content\/uploads\/2020\/04\/ueber_uns_8-768x400.jpg 768w, https:\/\/www.abfallbringtgeld.com\/wp-content\/uploads\/2020\/04\/ueber_uns_8-1024x533.jpg 1024w, https:\/\/www.abfallbringtgeld.com\/wp-content\/uploads\/2020\/04\/ueber_uns_8-600x313.jpg 600w\" sizes=\"auto, (max-width: 1920px) 100vw, 1920px\" \/><\/div><\/div><\/div><\/div>[\/vc_column_inner][vc_column_inner width=&#8220;1\/2&#8243;]<div id=\"cz_48502\" data-position=\"top-right\" class=\"cz_48502 cz_image clr cz_image_no_fx center_on_mobile\"><div class=\"cz_svg_bg\" ><div class=\"cz_image_in\"><div class=\"cz_main_image\"><img loading=\"lazy\" decoding=\"async\" width=\"1920\" height=\"1000\" src=\"https:\/\/www.abfallbringtgeld.com\/wp-content\/uploads\/2019\/01\/ueber_uns_7.jpg\" class=\"attachment-full\" alt=\"Mitarbeiter im Sortierzentrum arbeitet am Computer neben Recyclingmaterial\" title=\"ueber_uns_7\" srcset=\"https:\/\/www.abfallbringtgeld.com\/wp-content\/uploads\/2019\/01\/ueber_uns_7.jpg 1920w, https:\/\/www.abfallbringtgeld.com\/wp-content\/uploads\/2019\/01\/ueber_uns_7-300x156.jpg 300w, https:\/\/www.abfallbringtgeld.com\/wp-content\/uploads\/2019\/01\/ueber_uns_7-768x400.jpg 768w, https:\/\/www.abfallbringtgeld.com\/wp-content\/uploads\/2019\/01\/ueber_uns_7-1024x533.jpg 1024w, https:\/\/www.abfallbringtgeld.com\/wp-content\/uploads\/2019\/01\/ueber_uns_7-600x313.jpg 600w\" sizes=\"auto, (max-width: 1920px) 100vw, 1920px\" \/><\/div><\/div><\/div><\/div>[\/vc_column_inner][\/vc_row_inner][\/vc_column][\/vc_row][vc_row][vc_column]<div class=\"cz_gap clr \" style=\"height: 80px\"><\/div><div id=\"cz_86647\" class=\"cz_86647 cz_title clr cz_title_pos_inline\"><div class=\"cz_title_content\"><div class=\"cz_wpe_content\"><p><span style=\"font-size: 18px; color: #333;\">Pers\u00f6nlich &amp; wissenswert<\/span><\/p>\n<h3><span style=\"font-size: 38px;\">Unsere <span style=\"color: #015798;\"> Messeauftritte<\/span><\/span><\/h3>\n<\/div><\/div><\/div>[vc_column_text]Besuchen Sie uns auf internationalen Messen in Deutschland und \u00d6sterreich.[\/vc_column_text][vc_row_inner][vc_column_inner width=&#8220;1\/2&#8243;]<div id=\"cz_99455\" data-position=\"top-right\" class=\"cz_99455 cz_image clr cz_image_no_fx center_on_mobile\"><div class=\"cz_svg_bg\" ><div class=\"cz_image_in\"><div class=\"cz_main_image\"><img loading=\"lazy\" decoding=\"async\" width=\"1920\" height=\"1000\" src=\"https:\/\/www.abfallbringtgeld.com\/wp-content\/uploads\/2018\/12\/ueber_uns_messe_1.jpg\" class=\"attachment-full\" alt=\"Messestand von Abfall bringt Geld mit Infotafeln und Recyclingprodukten\" title=\"ueber_uns_messe_1\" srcset=\"https:\/\/www.abfallbringtgeld.com\/wp-content\/uploads\/2018\/12\/ueber_uns_messe_1.jpg 1920w, https:\/\/www.abfallbringtgeld.com\/wp-content\/uploads\/2018\/12\/ueber_uns_messe_1-300x156.jpg 300w, https:\/\/www.abfallbringtgeld.com\/wp-content\/uploads\/2018\/12\/ueber_uns_messe_1-768x400.jpg 768w, https:\/\/www.abfallbringtgeld.com\/wp-content\/uploads\/2018\/12\/ueber_uns_messe_1-1024x533.jpg 1024w, https:\/\/www.abfallbringtgeld.com\/wp-content\/uploads\/2018\/12\/ueber_uns_messe_1-600x313.jpg 600w\" sizes=\"auto, (max-width: 1920px) 100vw, 1920px\" \/><\/div><\/div><\/div><\/div>[\/vc_column_inner][vc_column_inner width=&#8220;1\/2&#8243;]<div id=\"cz_102062\" data-position=\"top-right\" class=\"cz_102062 cz_image clr cz_image_no_fx center_on_mobile\"><div class=\"cz_svg_bg\" ><div class=\"cz_image_in\"><div class=\"cz_main_image\"><img loading=\"lazy\" decoding=\"async\" width=\"1920\" height=\"1000\" src=\"https:\/\/www.abfallbringtgeld.com\/wp-content\/uploads\/2023\/02\/Denner_IFAT_Muenchen.jpg\" class=\"attachment-full\" alt=\"Besucher in einer Messehalle am Stand von Abfall bringt Geld\" title=\"Denner_IFAT_Muenchen\" srcset=\"https:\/\/www.abfallbringtgeld.com\/wp-content\/uploads\/2023\/02\/Denner_IFAT_Muenchen.jpg 1920w, https:\/\/www.abfallbringtgeld.com\/wp-content\/uploads\/2023\/02\/Denner_IFAT_Muenchen-300x156.jpg 300w, https:\/\/www.abfallbringtgeld.com\/wp-content\/uploads\/2023\/02\/Denner_IFAT_Muenchen-1024x533.jpg 1024w, https:\/\/www.abfallbringtgeld.com\/wp-content\/uploads\/2023\/02\/Denner_IFAT_Muenchen-768x400.jpg 768w, https:\/\/www.abfallbringtgeld.com\/wp-content\/uploads\/2023\/02\/Denner_IFAT_Muenchen-1536x800.jpg 1536w, https:\/\/www.abfallbringtgeld.com\/wp-content\/uploads\/2023\/02\/Denner_IFAT_Muenchen-600x313.jpg 600w\" sizes=\"auto, (max-width: 1920px) 100vw, 1920px\" \/><\/div><\/div><\/div><\/div>[\/vc_column_inner][\/vc_row_inner][\/vc_column][\/vc_row][vc_row][vc_column]<div class=\"cz_gap clr \" style=\"height: 80px\"><\/div><div id=\"cz_21097\" class=\"cz_21097 cz_title clr cz_title_pos_inline\"><div class=\"cz_title_content\"><div class=\"cz_wpe_content\"><p><span style=\"font-size: 18px; color: #333;\">Ihre Zufriedenheit ist uns wichtig<\/span><\/p>\n<h3><span style=\"font-size: 38px;\">Mit den Worten<span style=\"color: #015798;\"> unserer<\/span> Kunden<\/span><\/h3>\n<\/div><\/div><\/div><div class=\"cz_gap clr \" style=\"height: 70px\"><\/div>[vc_row_inner equal_height=&#8220;yes&#8220; gap=&#8220;20&#8243;][vc_column_inner width=&#8220;1\/2&#8243; css=&#8220;.vc_custom_1545034587430{background-color: rgba(167,167,167,0.1) !important;*background-color: rgb(167,167,167) !important;}&#8220;]<div id=\"cz_75028\" class=\"cz_75028 cz_quote\"><blockquote><div class=\"cz_quote_content cz_wpe_content\"><p>&#8222;F\u00fcr die N\u00d6 Berg- und Naturwacht bedeutet Ihr Unternehmen einen wesentlichen Beitrag zum Natur- und Umweltschutz. Sie sammeln die wertvollen Patronen nicht nur wieder ein, bef\u00fcllen sie und schaffen nebenbei auch Arbeitspl\u00e4tze.&#8220;<\/p>\n<\/div><div class=\"cz_quote_info\"><h4>Karl Lenk<small>N\u00d6 Berg- und Naturwacht Landesleitung, St. P\u00f6lten<\/small><\/h4><\/div><\/blockquote><\/div>[\/vc_column_inner][vc_column_inner width=&#8220;1\/2&#8243; css=&#8220;.vc_custom_1545034594127{background-color: rgba(167,167,167,0.1) !important;*background-color: rgb(167,167,167) !important;}&#8220;]<div id=\"cz_102305\" class=\"cz_102305 cz_quote\"><blockquote><div class=\"cz_quote_content cz_wpe_content\"><p>&#8222;Liebes Abfall bringt Geld &#8211; Team, besten Dank f\u00fcr den reibungslosen Ablauf. Das Geld war sehr schnell auf meinem Konto. Sammle derzeit schon wieder flei\u00dfig. Wir werden Sie auf alle F\u00e4lle weiterempfehlen.&#8220;<\/p>\n<\/div><div class=\"cz_quote_info\"><h4>Harald K.<small>Laa\/Thaya<\/small><\/h4><\/div><\/blockquote><\/div>[\/vc_column_inner][\/vc_row_inner][vc_row_inner equal_height=&#8220;yes&#8220; gap=&#8220;20&#8243;][vc_column_inner width=&#8220;1\/2&#8243; css=&#8220;.vc_custom_1545034736702{background-color: rgba(167,167,167,0.1) !important;*background-color: rgb(167,167,167) !important;}&#8220;]<div id=\"cz_16674\" class=\"cz_16674 cz_quote\"><blockquote><div class=\"cz_quote_content cz_wpe_content\"><p>&#8222;Aufgrund des fairen Angebots mit der Abholung der gesammelten Toner, entschieden wir uns f\u00fcr Sie&#8230;&#8220;<\/p>\n<\/div><div class=\"cz_quote_info\"><h4>Karin S.<small>St.P\u00f6lten<\/small><\/h4><\/div><\/blockquote><\/div>[\/vc_column_inner][vc_column_inner width=&#8220;1\/2&#8243; css=&#8220;.vc_custom_1545034743845{background-color: rgba(167,167,167,0.1) !important;*background-color: rgb(167,167,167) !important;}&#8220;]<div id=\"cz_19005\" class=\"cz_19005 cz_quote\"><blockquote><div class=\"cz_quote_content cz_wpe_content\"><p>&#8222;Wir k\u00f6nnen allen, die die M\u00f6glichkeit haben Tintenpatronen und Toner zu sammeln, nur empfehlen, dies auch in die Tat umzusetzen, denn es bringt etwas: 1. Geld, 2. Spende und 3. Umweltschutz &#8230; dann ist man bei der Firma Denner in besten H\u00e4nden.&#8220;<\/p>\n<\/div><div class=\"cz_quote_info\"><h4>Roman M.<small>Mistelbach<\/small><\/h4><\/div><\/blockquote><\/div>[\/vc_column_inner][\/vc_row_inner][vc_row_inner equal_height=&#8220;yes&#8220; gap=&#8220;20&#8243;][vc_column_inner width=&#8220;1\/2&#8243; css=&#8220;.vc_custom_1545034749935{background-color: rgba(167,167,167,0.1) !important;*background-color: rgb(167,167,167) !important;}&#8220;]<div id=\"cz_69696\" class=\"cz_69696 cz_quote\"><blockquote><div class=\"cz_quote_content cz_wpe_content\"><p>&#8222;Wir sind normal sehr sparsam beim Lob austeilen, aber wir sind sehr zufrieden mit dem reibungslosen Ablauf, dass ich Ihnen hiermit das gerne best\u00e4tigen m\u00f6chte &#8230; &#8222;<\/p>\n<\/div><div class=\"cz_quote_info\"><h4>Familie M.<small>G\u00e4nserndorf<\/small><\/h4><\/div><\/blockquote><\/div>[\/vc_column_inner][vc_column_inner width=&#8220;1\/2&#8243; css=&#8220;.vc_custom_1551772735217{background-color: rgba(167,167,167,0.1) !important;*background-color: rgb(167,167,167) !important;}&#8220;]<div id=\"cz_56163\" class=\"cz_56163 cz_quote\"><blockquote><div class=\"cz_quote_content cz_wpe_content\"><p>&#8222;Mit dem Sammeln von den Patronen bekommen meine Enkelkinder im Jahr rund 100 Euro von mir f\u00fcr Geschenke.&#8220;<\/p>\n<\/div><div class=\"cz_quote_info\"><h4>Susanne E.<small>Stockerau<\/small><\/h4><\/div><\/blockquote><\/div>[\/vc_column_inner][\/vc_row_inner][vc_row_inner equal_height=&#8220;yes&#8220; gap=&#8220;20&#8243;][vc_column_inner width=&#8220;1\/2&#8243; css=&#8220;.vc_custom_1545034764578{background-color: rgba(167,167,167,0.1) !important;*background-color: rgb(167,167,167) !important;}&#8220;]<div id=\"cz_43461\" class=\"cz_43461 cz_quote\"><blockquote><div class=\"cz_quote_content cz_wpe_content\"><p>&#8222;Das Sammeln und wiederverwerten wobei man sogar noch Geld bekommt, ist eine der besten Ideen in unserer so schnelllebigen Zeit.&#8220;<\/p>\n<\/div><div class=\"cz_quote_info\"><h4>Rainer W.<small>Firmenchef, Hollabrunn<\/small><\/h4><\/div><\/blockquote><\/div>[\/vc_column_inner][vc_column_inner width=&#8220;1\/2&#8243; css=&#8220;.vc_custom_1551772728109{background-color: rgba(167,167,167,0.1) !important;*background-color: rgb(167,167,167) !important;}&#8220;]<div id=\"cz_85585\" class=\"cz_85585 cz_quote\"><blockquote><div class=\"cz_quote_content cz_wpe_content\"><p>&#8222;Die reibungslose Abwicklung und das Handling ist ausgezeichnet. Der Ablauf &#8211; auf der Homepage von Abfall bringt Geld &#8211; sehr einfach und \u00fcbersichtlich erkl\u00e4rt. Ein wirklich toller Service f\u00fcr den Kunden und vor allem der Umwelt! Super freundlicher Kundenservice, unkomplizierte und zuverl\u00e4ssige Erstattung der Betr\u00e4ge \u2013 alles top und auf jeden Fall zum Weiterempfehlen!&#8220;<\/p>\n<\/div><div class=\"cz_quote_info\"><h4>Nicole Olson<small>Lienz, S\u00fcdtirol<\/small><\/h4><\/div><\/blockquote><\/div>[\/vc_column_inner][\/vc_row_inner][\/vc_column][\/vc_row][vc_row][vc_column]<div class=\"cz_gap clr \" style=\"height: 50px\"><\/div>[\/vc_column][\/vc_row][vc_row][vc_column][\/vc_column][\/vc_row][vc_row][vc_column][vc_column_text][\/vc_column_text][\/vc_column][\/vc_row][vc_row][vc_column][vc_column_text][\/vc_column_text][\/vc_column][\/vc_row]<\/p>\n<\/div>","protected":false},"excerpt":{"rendered":"<p>Besuchen Sie uns &#8230; <\/p>\n","protected":false},"author":1,"featured_media":0,"parent":0,"menu_order":0,"comment_status":"closed","ping_status":"closed","template":"","meta":{"footnotes":""},"class_list":["post-882","page","type-page","status-publish","hentry"],"_links":{"self":[{"href":"https:\/\/www.abfallbringtgeld.com\/at\/wp-json\/wp\/v2\/pages\/882","targetHints":{"allow":["GET"]}}],"collection":[{"href":"https:\/\/www.abfallbringtgeld.com\/at\/wp-json\/wp\/v2\/pages"}],"about":[{"href":"https:\/\/www.abfallbringtgeld.com\/at\/wp-json\/wp\/v2\/types\/page"}],"author":[{"embeddable":true,"href":"https:\/\/www.abfallbringtgeld.com\/at\/wp-json\/wp\/v2\/users\/1"}],"replies":[{"embeddable":true,"href":"https:\/\/www.abfallbringtgeld.com\/at\/wp-json\/wp\/v2\/comments?post=882"}],"version-history":[{"count":150,"href":"https:\/\/www.abfallbringtgeld.com\/at\/wp-json\/wp\/v2\/pages\/882\/revisions"}],"predecessor-version":[{"id":3265,"href":"https:\/\/www.abfallbringtgeld.com\/at\/wp-json\/wp\/v2\/pages\/882\/revisions\/3265"}],"wp:attachment":[{"href":"https:\/\/www.abfallbringtgeld.com\/at\/wp-json\/wp\/v2\/media?parent=882"}],"curies":[{"name":"wp","href":"https:\/\/api.w.org\/{rel}","templated":true}]}}