{"id":1121,"date":"2018-11-29T11:47:30","date_gmt":"2018-11-29T10:47:30","guid":{"rendered":"https:\/\/www.abfallbringtgeld.com\/neu\/?page_id=1121"},"modified":"2026-03-31T16:34:02","modified_gmt":"2026-03-31T14:34:02","slug":"faq","status":"publish","type":"page","link":"https:\/\/www.abfallbringtgeld.com\/de\/faq\/","title":{"rendered":"FAQ"},"content":{"rendered":"<div class=\"wpb-content-wrapper\"><p>[vc_row][vc_column width=&#8220;1\/2&#8243;]<div id=\"cz_90693\" class=\"cz_90693 cz_title clr cz_title_pos_inline\"><div class=\"cz_title_content\"><div class=\"cz_wpe_content\"><p><span style=\"font-size: 18px; color: #aaaaaa;\">Informieren &amp; profitieren<\/span><\/p>\n<h3><span style=\"font-size: 38px;\">Keine <span style=\"color: #015798;\">Frage<\/span> bleibt offen!<\/span><\/h3>\n<\/div><\/div><\/div><div class=\"cz_gap clr \" style=\"height: 30px\"><\/div>[vc_column_text]In diesem Bereich stellen wir Ihnen nochmals wichtige Download Dokumente zur Verf\u00fcgung. Helfen Ihnen mit Fragen &amp; Antworten und stellen Ihnen unsere Partner &amp; Links vor.[\/vc_column_text][vc_column_text css=&#8220;&#8220;]<\/p>\n<ul>\n<li><a href=\"https:\/\/www.abfallbringtgeld.com\/wp-content\/uploads\/2026\/03\/Ankaufsliste_01.04.2026_DE.pdf\" target=\"_blank\" rel=\"noopener noreferrer\">Ankaufsliste (PDF Format)<\/a><\/li>\n<li><a href=\"https:\/\/www.abfallbringtgeld.com\/wp-content\/uploads\/2023\/02\/Ankaufsbedingungen-1.pdf\" target=\"_blank\" rel=\"noopener noreferrer\">Ankaufsbedingungen\u00a0(PDF Format)<\/a><\/li>\n<li><a href=\"https:\/\/www.abfallbringtgeld.com\/wp-content\/uploads\/2025\/03\/Lieferschein_Denner_GmbH_DE.pdf\" target=\"_blank\" rel=\"noopener noreferrer\">Lieferschein (PDF Format)<\/a><\/li>\n<\/ul>\n<p>[\/vc_column_text]<div class=\"cz_gap clr \" style=\"height: 30px\"><\/div>[\/vc_column][vc_column width=&#8220;1\/2&#8243;]<div id=\"cz_64883\" data-position=\"top-right\" class=\"cz_64883 cz_image clr cz_image_no_fx center_on_mobile\"><div class=\"cz_svg_bg\" ><div class=\"cz_image_in\"><div class=\"cz_main_image\"><img loading=\"lazy\" decoding=\"async\" width=\"1920\" height=\"1000\" src=\"https:\/\/www.abfallbringtgeld.com\/wp-content\/uploads\/2021\/11\/FAQ_Abfallbringtgeld.png\" class=\"attachment-full\" alt=\"L\u00e4chelnder Mann lehnt sich entspannt im B\u00fcrostuhl zur\u00fcck \u2013 steht f\u00fcr Zufriedenheit nach erfolgreicher L\u00f6sung\" title=\"FAQ_Abfallbringtgeld\" srcset=\"https:\/\/www.abfallbringtgeld.com\/wp-content\/uploads\/2021\/11\/FAQ_Abfallbringtgeld.png 1920w, https:\/\/www.abfallbringtgeld.com\/wp-content\/uploads\/2021\/11\/FAQ_Abfallbringtgeld-300x156.png 300w, https:\/\/www.abfallbringtgeld.com\/wp-content\/uploads\/2021\/11\/FAQ_Abfallbringtgeld-1024x533.png 1024w, https:\/\/www.abfallbringtgeld.com\/wp-content\/uploads\/2021\/11\/FAQ_Abfallbringtgeld-768x400.png 768w, https:\/\/www.abfallbringtgeld.com\/wp-content\/uploads\/2021\/11\/FAQ_Abfallbringtgeld-1536x800.png 1536w, https:\/\/www.abfallbringtgeld.com\/wp-content\/uploads\/2021\/11\/FAQ_Abfallbringtgeld-600x313.png 600w\" sizes=\"auto, (max-width: 1920px) 100vw, 1920px\" \/><\/div><\/div><\/div><\/div>[\/vc_column][\/vc_row][vc_row][vc_column]<div id=\"cz_79703\" class=\"cz_79703 cz_title clr cz_title_pos_inline\"><div class=\"cz_title_content\"><div class=\"cz_wpe_content\"><p><span style=\"font-size: 18px; color: #aaaaaa;\">Informieren &amp; profitieren<\/span><\/p>\n<h3><span style=\"font-size: 38px;\">Fragen <span style=\"color: #015798;\"> und <\/span> Antworten<\/span><\/h3>\n<\/div><\/div><\/div><div class=\"cz_gap clr \" style=\"height: 30px\"><\/div><div id=\"cz_94194\" data-arrows='{\"open\":\"fa czico-200-down-arrow\",\"close\":\"fa czico-199-up-arrow\"}' class=\"cz_94194 cz_acc clr cz_acc_first_open\"><div><div id=\"cz_70185\"><span class=\"cz_acc_child\"><div>1. Wie m\u00fcssen die Leerpatronen verpackt sein?<\/div><\/span><div class=\"cz_acc_child_content clr\">[vc_row_inner][vc_column_inner][vc_column_text]Die leeren Druckerpatronen m\u00fcssen sachgem\u00e4\u00df verpackt sein. Optimal ist es jede Tonerkartusche einzeln in der schwarzen PE Originalfolie oder einer anderen T\u00fcte zu verpacken. Kartuschen oder Tintenpatronen bei denen Restf\u00fcllmaterial austritt, bitten wir separat in Plastikt\u00fcten zu verpacken. Wir bitten Sie beim Verpacken auf Styropor- oder Maisflips zu verzichten und empfehlen Zeitungspapier als F\u00fcllmaterial. Der Versender haftet f\u00fcr Sch\u00e4den, die durch unsachgem\u00e4\u00dfe Verpackung entstehen.[\/vc_column_text][\/vc_column_inner][\/vc_row_inner]<\/div><\/div><div id=\"cz_70185\"><span class=\"cz_acc_child\"><div>2. Wie schwer d\u00fcrfen die Pakete sein?<\/div><\/span><div class=\"cz_acc_child_content clr\">[vc_row_inner][vc_column_inner][vc_column_text]Die Pakete d\u00fcrfen maximal 30 kg schwer sein. Bei gr\u00f6\u00dferen bzw. schwereren Mengen bitte um telefonische oder schriftliche Kontaktaufnahme.[\/vc_column_text][\/vc_column_inner][\/vc_row_inner]<\/div><\/div><div id=\"cz_70185\"><span class=\"cz_acc_child\"><div>3. Was muss ich der Sendung beilegen?<\/div><\/span><div class=\"cz_acc_child_content clr\">[vc_row_inner][vc_column_inner][vc_column_text css=&#8220;&#8220;]Jeder Sendung mit leeren Tinten oder Tonern muss der <a href=\"https:\/\/www.abfallbringtgeld.com\/wp-content\/uploads\/2025\/03\/Lieferschein_Denner_GmbH_DE.pdf\">Lieferschein<\/a> mit Ihren Adressdaten, Ihrer Emailadresse, Ihrer Telefonnummer und Ihrer Bankverbindung beiliegen. F\u00fcr Verz\u00f6gerungen wegen fehlender Angaben \u00fcbernimmt die Firma Denner keine Haftung. Eine Auflistung des Inhalts ist nicht erforderlich.[\/vc_column_text][\/vc_column_inner][\/vc_row_inner]<\/div><\/div><div id=\"cz_70185\"><span class=\"cz_acc_child\"><div>4. Wie erfolgt der Versand und wer \u00fcbernimmt die Kosten?<\/div><\/span><div class=\"cz_acc_child_content clr\">[vc_row_inner][vc_column_inner][vc_column_text css=&#8220;&#8220;]Sie k\u00f6nnen das fertige Paket bei jeder Poststelle abgeben und an uns senden (Denner GmbH, Bahnhofstra\u00dfe 26, 91161 Hilpoltstein, Deutschland) Die Versandgeb\u00fchren \u00fcbernehmen wir, sobald das Paket einen Warenwert von 30 \u20ac hat! Diese werden mit dem Warenwert im Anschluss auf Ihr Konto \u00fcberwiesen. Bitte Postbeleg, DHL Nachweis, etc. dem Paket beilegen. Sollte es vorkommen, dass Ihr Paket bis zu 30 kg wiegt, rufen Sie uns einfach an.[\/vc_column_text][\/vc_column_inner][\/vc_row_inner]<\/div><\/div><div id=\"cz_70185\"><span class=\"cz_acc_child\"><div>5. Inwiefern trage ich etwas f\u00fcr die Umwelt bei, wenn ich das Leergut an euch schicke?<\/div><\/span><div class=\"cz_acc_child_content clr\">[vc_row_inner][vc_column_inner][vc_column_text]Unter Recycling versteht man die Wiedergewinnung von Rohstoffen aus Abf\u00e4llen f\u00fcr den Produktionsprozess. Im Idealfall soll durch Recycling ein nahezu geschlossener Kreislauf hergestellt werden, bei dem kaum noch Restabf\u00e4lle anfallen. Im Falle gebrauchter Tonerkartuschen kann dieser Idealfall (fast) erreicht werden.<\/p>\n<p>Leider landen immer noch 70 % in der M\u00fclltonne und von dort auf der Deponie oder in der M\u00fcllverbrennungsanlage. Dies ist eine enorme Belastung unserer Umwelt. Dabei k\u00f6nnte dieses wertvolle Leergut ohne Qualit\u00e4tseinbu\u00dfen wieder aufbereitet werden.<\/p>\n<p>Die von uns eingesammelten Tonerkartuschen und Tintenpatronen stellen wir der Recyclingindustrie zur Verf\u00fcgung. Bevor Sie dieses wertvolle Leergut m\u00fchsam entsorgen, schicken Sie es lieber an uns. Und damit sich das f\u00fcr Sie auch rechnet, zahlen wir Ihnen f\u00fcr die g\u00e4ngigsten Toner und Tintenpatronen eine Verg\u00fctung.[\/vc_column_text][\/vc_column_inner][\/vc_row_inner]<\/div><\/div><div id=\"cz_70185\"><span class=\"cz_acc_child\"><div>6. Wohin muss ich die Druckerpatronen senden?<\/div><\/span><div class=\"cz_acc_child_content clr\">[vc_row_inner][vc_column_inner][vc_column_text css=&#8220;&#8220;]Die Pakete bitte immer an folgende Adresse schicken:<\/p>\n<p><span id=\"page5R_mcid46\" class=\"markedContent\"><span dir=\"ltr\" role=\"presentation\">Denner GmbH<\/span><\/span><br \/>\nBahnhofstra\u00dfe 26<br \/>\n91161 Hilpoltstein<br \/>\nDeutschland[\/vc_column_text][\/vc_column_inner][\/vc_row_inner]<\/div><\/div><div id=\"cz_70185\"><span class=\"cz_acc_child\"><div>7. Kann ich meine leeren Patronen auch pers\u00f6nlich anliefern?<\/div><\/span><div class=\"cz_acc_child_content clr\">[vc_row_inner][vc_column_inner][vc_column_text]Selbstverst\u00e4ndlich k\u00f6nnen Sie Ihre leeren Toner oder Tinten auch pers\u00f6nlich bei uns vorbei bringen. Anfahrtinformationen und \u00d6ffnungszeiten finden Sie auf unserer Kontaktseite.[\/vc_column_text][\/vc_column_inner][\/vc_row_inner]<\/div><\/div><div id=\"cz_70185\"><span class=\"cz_acc_child\"><div>8. Wie lange dauert die Auszahlung und wieviel wird verg\u00fctet?<\/div><\/span><div class=\"cz_acc_child_content clr\">[vc_row_inner][vc_column_inner][vc_column_text]Nach der Auswertung des Pakets erhalten sie die Gutschrift per Email. Kurz darauf erfolgt die Auszahlung. Daher ist es wichtig, Ihre korrekten Daten anzugeben. Ihrer pers\u00f6nlichen Daten werden selbstverst\u00e4ndlich vertraulich behandelt.[\/vc_column_text][\/vc_column_inner][\/vc_row_inner]<\/div><\/div><div id=\"cz_70185\"><span class=\"cz_acc_child\"><div>9. Kann ich meinen Erl\u00f6s auch spenden?<\/div><\/span><div class=\"cz_acc_child_content clr\">[vc_row_inner][vc_column_inner][vc_column_text]Nat\u00fcrlich k\u00f6nnen Sie sich auch daf\u00fcr entscheiden, Ihren gesamten Erl\u00f6s zu spenden und mit Ihrem Leergut etwas Gutes zu tun. Wir arbeiten eng mit verschiedenen Organisationen zusammen, welche sich \u00fcber jede noch so kleine Unterst\u00fctzung freuen.<\/p>\n<p>Wenn Sie sich daf\u00fcr entschlie\u00dfen, Ihren Erl\u00f6s zu spenden, kreuzen Sie dies bitte einfach auf Ihrem beigelegten Lieferschein an. Wir leiten dann die Verg\u00fctung umgehend und in vollem Umfang weiter.[\/vc_column_text][\/vc_column_inner][\/vc_row_inner]<\/div><\/div><div id=\"cz_70185\"><span class=\"cz_acc_child\"><div>10. An welche Organisation kann ich spenden?<\/div><\/span><div class=\"cz_acc_child_content clr\">[vc_row_inner][vc_column_inner][vc_column_text]Informationen entnehmen Sie bitte der Homepage\u00a0<a href=\"http:\/\/www.missionhoffnung.org\/\" target=\"_blank\" rel=\"noopener noreferrer\">Mission Hoffnung<\/a>.[\/vc_column_text][\/vc_column_inner][\/vc_row_inner]<\/div><\/div><div id=\"cz_70185\"><span class=\"cz_acc_child\"><div>11. Wie lange sind die Ankaufspreise g\u00fcltig?<\/div><\/span><div class=\"cz_acc_child_content clr\">[vc_row_inner][vc_column_inner][vc_column_text]Die Ankaufspreise werden in regelm\u00e4\u00dfigen Abst\u00e4nden \u00fcberarbeitet. Abgerechnet wird immer nach der zum Wareneingang g\u00fcltigen Preisliste.[\/vc_column_text][\/vc_column_inner][\/vc_row_inner]<\/div><\/div><div id=\"cz_70185\"><span class=\"cz_acc_child\"><div>12. Bekomme ich auch f\u00fcr defekte oder kompatible Druckerpatronen Geld?<\/div><\/span><div class=\"cz_acc_child_content clr\">[vc_row_inner][vc_column_inner][vc_column_text]Es werden nur funktionst\u00fcchtige originale bzw. wiederbef\u00fcllte Tonerkartuschen und Tintenpatronen, die auf der jeweils g\u00fcltigen Ankaufspreisliste aufgelistet sind, verg\u00fctet. Falls Sie uns defektes oder kompatibles Leergut schicken, wird dieses kostenfrei von uns entsorgt.[\/vc_column_text][\/vc_column_inner][\/vc_row_inner]<\/div><\/div><div id=\"cz_70185\"><span class=\"cz_acc_child\"><div>13. Gilt die Ankaufsliste auch f\u00fcr Gro\u00dfh\u00e4ndler?<\/div><\/span><div class=\"cz_acc_child_content clr\">[vc_row_inner][vc_column_inner][vc_column_text]Wir kaufen von gewerblichen Endverbrauchern, Vereinen, \u00f6ffentlichen Einrichtungen, EDV-H\u00e4ndlern und von Privatpersonen an. F\u00fcr Recycling- und Leerguth\u00e4ndler ist diese Liste nur nach vorheriger Absprache g\u00fcltig. Lieferungen von Recyclern und Leerguth\u00e4ndlern sind in jedem Fall vorher schriftlich anzuk\u00fcndigen und bed\u00fcrfen unserer Ankaufsbest\u00e4tigung.[\/vc_column_text][\/vc_column_inner][\/vc_row_inner]<\/div><\/div><div id=\"cz_70185\"><span class=\"cz_acc_child\"><div>14. Kann ich eine Sammelbox bei euch anfordern?<\/div><\/span><div class=\"cz_acc_child_content clr\">[vc_row_inner][vc_column_inner][vc_column_text]Sie k\u00f6nnen jederzeit eine Sammelbox bei uns anfordern. Kostenlos von der Firma Denner zur Verf\u00fcgung gestellte Sammelboxen, Leergutboxen oder Palettenkarton sind ausschlie\u00dflich zum Sammeln von gebrauchten Tonerkartuschen und Tintenpatronen vorgesehen. Die Sammelboxen, Leergutboxen, Palettenkarton und deren Inhalt bleiben Eigentum der Firma Denner. [\/vc_column_text][\/vc_column_inner][\/vc_row_inner]<\/div><\/div><div id=\"cz_70185\"><span class=\"cz_acc_child\"><div>15. Warum werden nur die leeren Tinten und Toner auf Ihrer Ankaufspreisliste angekauft?<\/div><\/span><div class=\"cz_acc_child_content clr\">[vc_row_inner][vc_column_inner][vc_column_text]Auch auf dem Leergut- und Recyclingmarkt richtet sich der Ankaufspreis nach Angebot und Nachfrage. Der Ankauf von leeren Druckerpatronen setzt eine Nachfrage nach den recycelten \/ wiederaufbereiteten Kartuschen durch den Endverbraucher voraus. Diese Nachfrage ist in der Regel nur bei den g\u00e4ngigsten Kartuschen- und Patronentypen gegeben. Daher kaufen wir auch nur die leeren Toner oder Tinten aus den g\u00e4ngigsten Drucker-, Fax- und Kopiertypen an.[\/vc_column_text][\/vc_column_inner][\/vc_row_inner]<\/div><\/div><div id=\"cz_70185\"><span class=\"cz_acc_child\"><div>16. Verkaufen Sie auch leere Tonerkatuschen und Tintenpatronen?<\/div><\/span><div class=\"cz_acc_child_content clr\">[vc_row_inner][vc_column_inner][vc_column_text]Ja, auch das tun wir. Bei Interesse kontaktieren Sie uns bitte telefonisch ebenfalls unter der Nummer <a href=\"tel:004325222010010\">00 43 25 22 \/ 20 100 10<\/a> oder schreiben Sie eine E-Mail an <a href=\"mailto:office@abfallbringtgeld.de\">office@abfallbringtgeld.de<\/a>[\/vc_column_text][\/vc_column_inner][\/vc_row_inner]<\/div><\/div><\/div><\/div>[\/vc_column][\/vc_row][vc_row][vc_column][vc_column_text][\/vc_column_text][\/vc_column][\/vc_row][vc_row][vc_column][vc_column_text][\/vc_column_text][\/vc_column][\/vc_row][vc_row][vc_column][vc_column_text][\/vc_column_text][\/vc_column][\/vc_row][vc_row][vc_column][vc_column_text][\/vc_column_text][\/vc_column][\/vc_row][vc_row][vc_column][vc_column_text][\/vc_column_text][\/vc_column][\/vc_row][vc_row][vc_column][vc_column_text][\/vc_column_text][\/vc_column][\/vc_row]<\/p>\n<\/div>","protected":false},"excerpt":{"rendered":"<p>In diesem Bereich stellen wir Ihnen nochmals wichtige Download Dokumente zur &#8230; <\/p>\n","protected":false},"author":1,"featured_media":0,"parent":0,"menu_order":0,"comment_status":"closed","ping_status":"closed","template":"","meta":{"footnotes":""},"class_list":["post-1121","page","type-page","status-publish","hentry"],"_links":{"self":[{"href":"https:\/\/www.abfallbringtgeld.com\/de\/wp-json\/wp\/v2\/pages\/1121","targetHints":{"allow":["GET"]}}],"collection":[{"href":"https:\/\/www.abfallbringtgeld.com\/de\/wp-json\/wp\/v2\/pages"}],"about":[{"href":"https:\/\/www.abfallbringtgeld.com\/de\/wp-json\/wp\/v2\/types\/page"}],"author":[{"embeddable":true,"href":"https:\/\/www.abfallbringtgeld.com\/de\/wp-json\/wp\/v2\/users\/1"}],"replies":[{"embeddable":true,"href":"https:\/\/www.abfallbringtgeld.com\/de\/wp-json\/wp\/v2\/comments?post=1121"}],"version-history":[{"count":183,"href":"https:\/\/www.abfallbringtgeld.com\/de\/wp-json\/wp\/v2\/pages\/1121\/revisions"}],"predecessor-version":[{"id":3354,"href":"https:\/\/www.abfallbringtgeld.com\/de\/wp-json\/wp\/v2\/pages\/1121\/revisions\/3354"}],"wp:attachment":[{"href":"https:\/\/www.abfallbringtgeld.com\/de\/wp-json\/wp\/v2\/media?parent=1121"}],"curies":[{"name":"wp","href":"https:\/\/api.w.org\/{rel}","templated":true}]}}