{"id":1282,"date":"2018-12-10T15:43:38","date_gmt":"2018-12-10T14:43:38","guid":{"rendered":"https:\/\/www.abfallbringtgeld.com\/neu\/?page_id=1282"},"modified":"2025-10-03T09:06:10","modified_gmt":"2025-10-03T07:06:10","slug":"b2b","status":"publish","type":"page","link":"https:\/\/www.abfallbringtgeld.com\/de\/b2b\/","title":{"rendered":"B2B"},"content":{"rendered":"<div class=\"wpb-content-wrapper\"><p>[vc_row][vc_column][vc_column_text][\/vc_column_text][\/vc_column][\/vc_row][vc_row][vc_column width=&#8220;1\/2&#8243;]<div id=\"cz_62054\" class=\"cz_62054 cz_title clr cz_title_pos_inline\"><div class=\"cz_title_content\"><div class=\"cz_wpe_content\"><p><span style=\"font-size: 18px; color: #333;\">F\u00fcr unsere Mitarbeiter und Kunden<\/span><\/p>\n<h3><span style=\"font-size: 38px;\">Setzen Sie mit uns ein <span style=\"color: #015798;\">Zeichen<\/span><\/span><\/h3>\n<\/div><\/div><\/div><div class=\"cz_gap clr \" style=\"height: 30px\"><\/div>[vc_column_text]Wir arbeiten mit Ihnen ein Recycling Konzept aus f\u00fcr Ihren pers\u00f6nlichen Gesch\u00e4ftsvorteil. Zu unseren Kunden z\u00e4hlen gro\u00dfe Filialketten, viele KMU Betriebe und \u00f6ffentliche Stellen sowie internationale Wiederverk\u00e4ufer. Als zuverl\u00e4ssiger und erfahrener Partner im Bereich des Tinten- und Tonerrecycling nehmen wir Ihnen gerne Aufgaben ab um Zeit f\u00fcr Ihr Kerngesch\u00e4ft zu haben und die Zufriedenheit des Kunden sicherstellen zu k\u00f6nnen.<\/p>\n<p>[\/vc_column_text]<div class=\"cz_gap clr \" style=\"height: 30px\"><\/div>[\/vc_column][vc_column width=&#8220;1\/2&#8243;]<div id=\"cz_44835\" data-position=\"top-right\" class=\"cz_44835 cz_image clr cz_image_no_fx center_on_mobile\"><div class=\"cz_svg_bg\" ><div class=\"cz_image_in\"><div class=\"cz_main_image\"><img loading=\"lazy\" decoding=\"async\" width=\"1920\" height=\"1000\" src=\"https:\/\/www.abfallbringtgeld.com\/wp-content\/uploads\/2019\/01\/b2b_1.jpg\" class=\"attachment-full\" alt=\"F\u00fcnf l\u00e4chelnde Menschen in einem B\u00fcro zeigen den Daumen hoch \u2013 steht f\u00fcr erfolgreiche Zusammenarbeit und nachhaltige Recyclingl\u00f6sungen\" title=\"b2b_1\" srcset=\"https:\/\/www.abfallbringtgeld.com\/wp-content\/uploads\/2019\/01\/b2b_1.jpg 1920w, https:\/\/www.abfallbringtgeld.com\/wp-content\/uploads\/2019\/01\/b2b_1-300x156.jpg 300w, https:\/\/www.abfallbringtgeld.com\/wp-content\/uploads\/2019\/01\/b2b_1-768x400.jpg 768w, https:\/\/www.abfallbringtgeld.com\/wp-content\/uploads\/2019\/01\/b2b_1-1024x533.jpg 1024w, https:\/\/www.abfallbringtgeld.com\/wp-content\/uploads\/2019\/01\/b2b_1-600x313.jpg 600w\" sizes=\"auto, (max-width: 1920px) 100vw, 1920px\" \/><\/div><\/div><\/div><\/div>[\/vc_column][\/vc_row][vc_row][vc_column width=&#8220;1\/2&#8243;]<div id=\"cz_107662\" class=\"cz_107662 cz_title clr cz_title_pos_inline\"><div class=\"cz_title_content\"><div class=\"cz_wpe_content\"><p><span style=\"font-size: 18px; color: #333;\">Kompetent &amp; fair<\/span><\/p>\n<h3><span style=\"font-size: 38px;\">Unser <span style=\"color: #015798;\"> Angebot <\/span> f\u00fcr Sie<\/span><\/h3>\n<\/div><\/div><\/div><div class=\"cz_gap clr \" style=\"height: 30px\"><\/div>[vc_column_text]<\/p>\n<ul>\n<li>Beratung und Planung eines Recyclingkonzept<\/li>\n<li>Aufstellung von Sammelboxen f\u00fcr leere Tintenpatronen und Toner<\/li>\n<li>Bestens koordinierte Terminplanung und -einhaltung<\/li>\n<li>Abholung und Lieferung abgestimmt auf Ihren Verbrauch<\/li>\n<li>Rabatte f\u00fcr Businessmengen<\/li>\n<\/ul>\n<p>[\/vc_column_text]<div class=\"cz_gap clr \" style=\"height: 30px\"><\/div>[\/vc_column][vc_column width=&#8220;1\/2&#8243;]<div id=\"cz_94019\" data-position=\"top-right\" class=\"cz_94019 cz_image clr cz_image_no_fx center_on_mobile\"><div class=\"cz_svg_bg\" ><div class=\"cz_image_in\"><div class=\"cz_main_image\"><img loading=\"lazy\" decoding=\"async\" width=\"625\" height=\"325\" src=\"https:\/\/www.abfallbringtgeld.com\/wp-content\/uploads\/2023\/02\/Recyclingkonzept.png\" class=\"attachment-full\" alt=\"Mehrere H\u00e4nde \u00fcbereinander gelegt \u2013 Symbol f\u00fcr Teamgeist und nachhaltige Partnerschaft\" title=\"Recyclingkonzept\" srcset=\"https:\/\/www.abfallbringtgeld.com\/wp-content\/uploads\/2023\/02\/Recyclingkonzept.png 625w, https:\/\/www.abfallbringtgeld.com\/wp-content\/uploads\/2023\/02\/Recyclingkonzept-300x156.png 300w, https:\/\/www.abfallbringtgeld.com\/wp-content\/uploads\/2023\/02\/Recyclingkonzept-600x312.png 600w\" sizes=\"auto, (max-width: 625px) 100vw, 625px\" \/><\/div><\/div><\/div><\/div>[\/vc_column][\/vc_row][vc_row][vc_column]<div id=\"cz_76357\" class=\"cz_76357 cz_title clr cz_title_pos_inline\"><div class=\"cz_title_content\"><div class=\"cz_wpe_content\"><p><span style=\"font-size: 18px; color: #333;\">\u00dcberzeugen Sie sich<\/span><\/p>\n<h3><span style=\"font-size: 38px;\">Unsere\u00a0<span style=\"color: #015798;\">Produkte<\/span><\/span><\/h3>\n<\/div><\/div><\/div><div class=\"cz_gap clr \" style=\"height: 30px\"><\/div><div id=\"cz_54727\" data-arrows='{\"open\":\"fa czico-200-down-arrow\",\"close\":\"fa czico-199-up-arrow\"}' class=\"cz_54727 cz_acc clr cz_acc_first_open\"><div><div id=\"cz_70185\"><span class=\"cz_acc_child\"><div>Leergut<\/div><\/span><div class=\"cz_acc_child_content clr\">[vc_row_inner][vc_column_inner width=&#8220;5\/6&#8243;][vc_column_text]Wir verkaufen Leergut von allen g\u00e4ngigen Drucker- und B\u00fcromaschinenherstellern &#8211; profitieren Sie von:<\/p>\n<ul>\n<li>visuell gepr\u00fcftem Leergut<\/li>\n<li>hohen Verf\u00fcgbarkeiten<\/li>\n<li>Verkauf an Firmen und Gro\u00dfh\u00e4ndler<\/li>\n<li>schnelle Lieferung<\/li>\n<li>g\u00fcnstige Preise<\/li>\n<\/ul>\n<p>Anfrage an <a href=\"mailto:office@abfallbringtgeld.de\">office@abfallbringtgeld.de<\/a> oder unter Tel. <a href=\"tel:004325222010010\">0043 25 22 \/ 20 100 10<\/a>[\/vc_column_text][\/vc_column_inner][vc_column_inner width=&#8220;1\/6&#8243;][vc_single_image image=&#8220;1134&#8243; img_size=&#8220;full&#8220;][vc_empty_space][vc_single_image image=&#8220;1135&#8243; img_size=&#8220;full&#8220;][vc_empty_space][vc_single_image image=&#8220;1136&#8243; img_size=&#8220;full&#8220;][\/vc_column_inner][\/vc_row_inner]<\/div><\/div><\/div><\/div>[\/vc_column][\/vc_row][vc_row][vc_column][vc_column_text][\/vc_column_text][\/vc_column][\/vc_row]<\/p>\n<\/div>","protected":false},"excerpt":{"rendered":"<p>Wir arbeiten mit Ihnen ein Recycling Konzept aus f\u00fcr Ihren pers\u00f6nlichen &#8230; <\/p>\n","protected":false},"author":1,"featured_media":0,"parent":0,"menu_order":0,"comment_status":"closed","ping_status":"closed","template":"","meta":{"footnotes":""},"class_list":["post-1282","page","type-page","status-publish","hentry"],"_links":{"self":[{"href":"https:\/\/www.abfallbringtgeld.com\/de\/wp-json\/wp\/v2\/pages\/1282","targetHints":{"allow":["GET"]}}],"collection":[{"href":"https:\/\/www.abfallbringtgeld.com\/de\/wp-json\/wp\/v2\/pages"}],"about":[{"href":"https:\/\/www.abfallbringtgeld.com\/de\/wp-json\/wp\/v2\/types\/page"}],"author":[{"embeddable":true,"href":"https:\/\/www.abfallbringtgeld.com\/de\/wp-json\/wp\/v2\/users\/1"}],"replies":[{"embeddable":true,"href":"https:\/\/www.abfallbringtgeld.com\/de\/wp-json\/wp\/v2\/comments?post=1282"}],"version-history":[{"count":43,"href":"https:\/\/www.abfallbringtgeld.com\/de\/wp-json\/wp\/v2\/pages\/1282\/revisions"}],"predecessor-version":[{"id":3251,"href":"https:\/\/www.abfallbringtgeld.com\/de\/wp-json\/wp\/v2\/pages\/1282\/revisions\/3251"}],"wp:attachment":[{"href":"https:\/\/www.abfallbringtgeld.com\/de\/wp-json\/wp\/v2\/media?parent=1282"}],"curies":[{"name":"wp","href":"https:\/\/api.w.org\/{rel}","templated":true}]}}