{"id":3040,"date":"2025-08-18T08:15:19","date_gmt":"2025-08-18T06:15:19","guid":{"rendered":"https:\/\/www.abfallbringtgeld.com\/?page_id=3040"},"modified":"2026-03-31T16:33:37","modified_gmt":"2026-03-31T14:33:37","slug":"home","status":"publish","type":"page","link":"https:\/\/www.abfallbringtgeld.com\/de\/","title":{"rendered":"Home"},"content":{"rendered":"<div class=\"wpb-content-wrapper\"><p>[vc_row full_width=&#8220;stretch_row_content_no_spaces&#8220; full_height=&#8220;yes&#8220; columns_placement=&#8220;top&#8220;][vc_column][rev_slider_vc alias=&#8220;home-1&#8243; el_class=&#8220;home-1&#8243;][\/vc_column][\/vc_row][vc_row css=&#8220;.vc_custom_1644908771033{margin-top: -160px !important;}&#8220;][vc_column offset=&#8220;vc_col-md-4&#8243;]<div class=\"cz_eqh cz_content_box_parent_fx  \"><div id=\"cz_70135\" class=\"cz_70135 cz_content_box clr\"><div class=\"cz_box_front clr\"><div class=\"cz_box_front_inner clr \"><span><\/span><div><div id=\"cz_38642\" class=\"cz_38642 cz_title clr cz_title_pos_inline\"><div class=\"cz_title_content\"><div class=\"cz_wpe_content\"><h2><span style=\"color: #ffffff; text-shadow: 0 1px 2px rgba(0,0,0,0.6); font-size: 16px;\">RECYCLING<\/span><\/h2>\n<\/div><\/div><\/div><div id=\"cz_53586\" class=\"cz_53586 cz_title clr cz_title_pos_inline\"><div class=\"cz_title_content\"><div class=\"cz_wpe_content\"><h3 style=\"line-height: 1;\"><span style=\"font-size: 46px; color: #ffffff; text-shadow: 0 1px 2px rgba(0,0,0,0.6);\"><strong>ES<\/strong><\/span><\/h3>\n<h3 style=\"line-height: 1;\"><span style=\"font-size: 46px; color: #ffffff; text-shadow: 0 1px 2px rgba(0,0,0,0.6);\"><strong>IST SO<\/strong><\/span><\/h3>\n<h3 style=\"line-height: 1;\"><span style=\"font-size: 46px; color: #ffffff; text-shadow: 0 1px 2px rgba(0,0,0,0.6);\"><strong>EINFACH<\/strong><\/span><\/h3>\n<\/div><\/div><\/div><\/div><\/div><\/div><\/div><\/div><div class=\"cz_gap clr \" style=\"height: 30px\"><\/div>[\/vc_column][vc_column offset=&#8220;vc_col-md-4&#8243;]<a class=\"cz_content_box_link\" href=\"https:\/\/www.abfallbringtgeld.com\/ankauf\/\"><div class=\"cz_eqh cz_content_box_parent_fx  \"><div id=\"cz_46695\" class=\"cz_46695 cz_content_box clr\"><div class=\"cz_box_front clr\"><div class=\"cz_box_front_inner clr \"><span><\/span><div><div id=\"cz_49563\" data-position=\"top-right\" class=\"cz_49563 cz_image clr cz_image_no_fx center_on_mobile\"><div class=\"\" ><div class=\"cz_image_in\"><div class=\"cz_main_image\"><img loading=\"lazy\" decoding=\"async\" width=\"128\" height=\"128\" src=\"https:\/\/www.abfallbringtgeld.com\/wp-content\/uploads\/2018\/10\/icon_private.png\" class=\"attachment-full\" alt=\"Zwei Personen geben sich die Hand \u2013 Bereich f\u00fcr private Kunden\" title=\"icon_private\" srcset=\"https:\/\/www.abfallbringtgeld.com\/wp-content\/uploads\/2018\/10\/icon_private.png 128w, https:\/\/www.abfallbringtgeld.com\/wp-content\/uploads\/2018\/10\/icon_private-80x80.png 80w\" sizes=\"auto, (max-width: 128px) 100vw, 128px\" \/><\/div><\/div><\/div><\/div><div class=\"cz_gap clr \" style=\"height: 54px\"><\/div><div id=\"cz_60568\" class=\"cz_60568 cz_title clr cz_title_pos_inline\"><div class=\"cz_title_content\"><div class=\"cz_wpe_content\"><p><span style=\"color: #ffffff;\">SO FUNKTIONIERT\u00b4S<\/span><\/p>\n<\/div><\/div><\/div><div id=\"cz_35396\" class=\"cz_35396 cz_title clr cz_title_pos_inline\"><div class=\"cz_title_shape shape_icon cz_shape_1\"><i class=\"fa czico-188-arrows-2\"><\/i><\/div><div class=\"cz_title_content\"><div class=\"cz_wpe_content\"><h4 style=\"text-shadow: 0 1px 2px rgba(0,0,0,0.6);\">F\u00dcR PRIVATE<\/h4>\n<\/div><\/div><\/div><\/div><\/div><\/div><\/div><\/div><\/a><div class=\"cz_gap clr \" style=\"height: 30px\"><\/div>[\/vc_column][vc_column offset=&#8220;vc_col-md-4&#8243;]<a class=\"cz_content_box_link\" href=\"https:\/\/www.abfallbringtgeld.com\/ankauf\/\"><div class=\"cz_eqh cz_content_box_parent_fx  \"><div id=\"cz_47876\" class=\"cz_47876 cz_content_box clr\"><div class=\"cz_box_front clr\"><div class=\"cz_box_front_inner clr \"><span><\/span><div><div id=\"cz_45068\" data-position=\"top-right\" class=\"cz_45068 cz_image clr cz_image_no_fx center_on_mobile\"><div class=\"\" ><div class=\"cz_image_in\"><div class=\"cz_main_image\"><img loading=\"lazy\" decoding=\"async\" width=\"128\" height=\"128\" src=\"https:\/\/www.abfallbringtgeld.com\/wp-content\/uploads\/2018\/10\/icon_unternehmen.png\" class=\"attachment-full\" alt=\"Person zeigt auf Diagramm \u2013 Bereich f\u00fcr Unternehmen\" title=\"icon_unternehmen\" srcset=\"https:\/\/www.abfallbringtgeld.com\/wp-content\/uploads\/2018\/10\/icon_unternehmen.png 128w, https:\/\/www.abfallbringtgeld.com\/wp-content\/uploads\/2018\/10\/icon_unternehmen-80x80.png 80w\" sizes=\"auto, (max-width: 128px) 100vw, 128px\" \/><\/div><\/div><\/div><\/div><div class=\"cz_gap clr \" style=\"height: 54px\"><\/div><div id=\"cz_57316\" class=\"cz_57316 cz_title clr cz_title_pos_inline\"><div class=\"cz_title_content\"><div class=\"cz_wpe_content\"><p><span style=\"color: #ffffff;\">SO FUNKTIONIERT\u00b4S<\/span><\/p>\n<\/div><\/div><\/div><div id=\"cz_72172\" class=\"cz_72172 cz_title clr cz_title_pos_inline\"><div class=\"cz_title_shape shape_icon cz_shape_1\"><i class=\"fa czico-188-arrows-2\"><\/i><\/div><div class=\"cz_title_content\"><div class=\"cz_wpe_content\"><h4 style=\"text-shadow: 0 1px 2px rgba(0,0,0,0.6);\">F\u00dcR UNTERNEHMEN<\/h4>\n<\/div><\/div><\/div><\/div><\/div><\/div><\/div><\/div><\/a><div class=\"cz_gap clr \" style=\"height: 30px\"><\/div>[\/vc_column][\/vc_row][vc_row][vc_column offset=&#8220;vc_col-md-4&#8243;]<a class=\"cz_content_box_link\" href=\"https:\/\/www.abfallbringtgeld.com\/ankauf\/\"><div class=\"cz_eqh cz_content_box_parent_fx  \"><div id=\"cz_82139\" class=\"cz_82139 cz_content_box clr\"><div class=\"cz_box_front clr\"><div class=\"cz_box_front_inner clr \"><span><\/span><div><div id=\"cz_24527\" data-position=\"top-right\" class=\"cz_24527 cz_image clr cz_image_no_fx center_on_mobile\"><div class=\"\" ><div class=\"cz_image_in\"><div class=\"cz_main_image\"><img loading=\"lazy\" decoding=\"async\" width=\"128\" height=\"128\" src=\"https:\/\/www.abfallbringtgeld.com\/wp-content\/uploads\/2018\/10\/icon_oeffentliche.png\" class=\"attachment-full\" alt=\"Drei Personen im Kreis verbunden \u2013 Bereich f\u00fcr \u00f6ffentliche Einrichtungen\" title=\"icon_oeffentliche\" srcset=\"https:\/\/www.abfallbringtgeld.com\/wp-content\/uploads\/2018\/10\/icon_oeffentliche.png 128w, https:\/\/www.abfallbringtgeld.com\/wp-content\/uploads\/2018\/10\/icon_oeffentliche-80x80.png 80w\" sizes=\"auto, (max-width: 128px) 100vw, 128px\" \/><\/div><\/div><\/div><\/div><div class=\"cz_gap clr \" style=\"height: 54px\"><\/div><div id=\"cz_61295\" class=\"cz_61295 cz_title clr cz_title_pos_inline\"><div class=\"cz_title_content\"><div class=\"cz_wpe_content\"><p><span style=\"color: #ffffff;\">SO FUNKTIONIERT\u00b4S<\/span><\/p>\n<\/div><\/div><\/div><div id=\"cz_55572\" class=\"cz_55572 cz_title clr cz_title_pos_inline\"><div class=\"cz_title_shape shape_icon cz_shape_1\"><i class=\"fa czico-188-arrows-2\"><\/i><\/div><div class=\"cz_title_content\"><div class=\"cz_wpe_content\"><h4 style=\"text-shadow: 0 1px 2px rgba(0,0,0,0.6);\">F\u00dcR \u00d6FFENTLICHE<\/h4>\n<\/div><\/div><\/div><\/div><\/div><\/div><\/div><\/div><\/a><div class=\"cz_gap clr \" style=\"height: 30px\"><\/div>[\/vc_column][vc_column offset=&#8220;vc_col-md-4&#8243;]<a class=\"cz_content_box_link\" href=\"https:\/\/www.abfallbringtgeld.com\/ankauf\/\"><div class=\"cz_eqh cz_content_box_parent_fx  \"><div id=\"cz_34739\" class=\"cz_34739 cz_content_box clr\"><div class=\"cz_box_front clr\"><div class=\"cz_box_front_inner clr \"><span><\/span><div><div id=\"cz_82666\" data-position=\"top-right\" class=\"cz_82666 cz_image clr cz_image_no_fx center_on_mobile\"><div class=\"\" ><div class=\"cz_image_in\"><div class=\"cz_main_image\"><img loading=\"lazy\" decoding=\"async\" width=\"128\" height=\"128\" src=\"https:\/\/www.abfallbringtgeld.com\/wp-content\/uploads\/2018\/10\/icon_vereine.png\" class=\"attachment-full\" alt=\"Vier Personen \u2013 Bereich f\u00fcr Vereine und Organisationen\" title=\"icon_vereine\" srcset=\"https:\/\/www.abfallbringtgeld.com\/wp-content\/uploads\/2018\/10\/icon_vereine.png 128w, https:\/\/www.abfallbringtgeld.com\/wp-content\/uploads\/2018\/10\/icon_vereine-80x80.png 80w\" sizes=\"auto, (max-width: 128px) 100vw, 128px\" \/><\/div><\/div><\/div><\/div><div class=\"cz_gap clr \" style=\"height: 54px\"><\/div><div id=\"cz_101300\" class=\"cz_101300 cz_title clr cz_title_pos_inline\"><div class=\"cz_title_content\"><div class=\"cz_wpe_content\"><p><span style=\"color: #ffffff;\">SO FUNKTIONIERT\u00b4S<\/span><\/p>\n<\/div><\/div><\/div><div id=\"cz_56212\" class=\"cz_56212 cz_title clr cz_title_pos_inline\"><div class=\"cz_title_shape shape_icon cz_shape_1\"><i class=\"fa czico-188-arrows-2\"><\/i><\/div><div class=\"cz_title_content\"><div class=\"cz_wpe_content\"><h4 style=\"text-shadow: 0 1px 2px rgba(0,0,0,0.6);\">F\u00dcR VEREINE &amp; CO<\/h4>\n<\/div><\/div><\/div><\/div><\/div><\/div><\/div><\/div><\/a><div class=\"cz_gap clr \" style=\"height: 30px\"><\/div>[\/vc_column][vc_column offset=&#8220;vc_col-md-4&#8243;]<div class=\"cz_btn_block\"><div class=\"cz_44547_p\"><a id=\"cz_44547\" class=\"cz_44547 cz_btn cz_btn_txt_move_right cz_btn_no_fx\" href=\"https:\/\/www.abfallbringtgeld.com\/wp-content\/uploads\/2026\/03\/Ankaufsliste_01.04.2026_DE.pdf\" target=\"_blank\"><span><i class=\"fa fa-file-pdf-o\"><\/i><strong>Ankaufsliste ansehen<\/strong><\/span><b class=\"cz_btn_onhover\"><i class=\"fa fa-file-pdf-o\"><\/i><strong>Ankaufsliste ansehen<\/strong><\/b><\/a><\/div><\/div>[\/vc_column][\/vc_row][vc_row][vc_column]<div class=\"cz_gap clr  hide_on_tablet hide_on_mobile\" style=\"height: 300px\"><\/div><div class=\"cz_gap show_on_tablet clr  show_only_tablet\" style=\"height: 180px\"><\/div><div class=\"cz_gap show_on_mobile clr\" style=\"height: 130px\"><\/div>[\/vc_column][\/vc_row][vc_row full_width=&#8220;stretch_row&#8220; css=&#8220;.vc_custom_1755499368366{background-color: #015798 !important;}&#8220;][vc_column]<div id=\"cz2829\" class=\"cz2829 slick arrows_mlr no_dots overflow_visible is_center\" data-slick='{\"selector\":\"\",\"slidesToShow\":1,\"slidesToScroll\":1,\"rows\":1,\"fade\":false,\"vertical\":false,\"verticalSwiping\":false,\"infinite\":true,\"speed\":1000,\"swipeToSlide\":true,\"centerMode\":true,\"centerPadding\":\"\",\"variableWidth\":false,\"autoplay\":false,\"autoplaySpeed\":3500,\"dots\":true,\"counts\":false,\"responsive\":[{\"breakpoint\":769,\"settings\":{\"slidesToShow\":1,\"slidesToScroll\":1,\"infinite\":true,\"touchMove\":true}},{\"breakpoint\":481,\"settings\":{\"slidesToShow\":1,\"slidesToScroll\":1,\"infinite\":true,\"touchMove\":true}}]}' data-slick-prev=\"fa czico-201-back\" data-slick-next=\"fa czico-188-arrows-2\"><div id=\"cz_43173\" class=\"cz_grid_p cz_43173\"><div class=\"cz_grid cz_grid_1 clr cz_grid_carousel cz_grid_1_no_icon cz_grid_1_bot tal cz_grid_1_always_show cz_grid_sir cz_grid_1_title_rev cz_grid_disable_links cz_tooltip cz_grid_1_no_title\" data-gap=\"0\"><div class=\"cz_grid_item cz_grid_first\"><\/div><div class=\"cz_grid_item \"><div data-title=\"\"Endlich weniger M\u00fcll im B\u00fcro.\"\"><a class=\"cz_grid_link \" href=\"https:\/\/www.abfallbringtgeld.com\/wp-content\/uploads\/2019\/03\/slide_4.jpg\" data-xtra-lightbox><img loading=\"lazy\" decoding=\"async\" width=\"1170\" height=\"500\" src=\"https:\/\/www.abfallbringtgeld.com\/wp-content\/uploads\/2019\/03\/slide_4.jpg\" class=\"attachment-full\" alt=\"Junge Menschen im Unternehmen zeigen Daumen hoch beim Sammeln von Druckerpatronen\" title=\"&quot;Endlich weniger M\u00fcll im B\u00fcro.&quot;\" srcset=\"https:\/\/www.abfallbringtgeld.com\/wp-content\/uploads\/2019\/03\/slide_4.jpg 1170w, https:\/\/www.abfallbringtgeld.com\/wp-content\/uploads\/2019\/03\/slide_4-300x128.jpg 300w, https:\/\/www.abfallbringtgeld.com\/wp-content\/uploads\/2019\/03\/slide_4-768x328.jpg 768w, https:\/\/www.abfallbringtgeld.com\/wp-content\/uploads\/2019\/03\/slide_4-1024x438.jpg 1024w, https:\/\/www.abfallbringtgeld.com\/wp-content\/uploads\/2019\/03\/slide_4-600x256.jpg 600w\" sizes=\"auto, (max-width: 1170px) 100vw, 1170px\" \/><div class=\"cz_grid_details\"><i class=\"fa fa-search cz_grid_icon\"><\/i><small class=\"clr\">Start-up aus Wien<\/small><h3>\"Endlich weniger M\u00fcll im B\u00fcro.\"<\/h3><\/div><\/a><\/div><\/div><div class=\"cz_grid_item \"><div data-title=\"\"Es geht so einfach.\"\"><a class=\"cz_grid_link \" href=\"https:\/\/www.abfallbringtgeld.com\/wp-content\/uploads\/2019\/03\/slide_5.jpg\" data-xtra-lightbox><img loading=\"lazy\" decoding=\"async\" width=\"1170\" height=\"500\" src=\"https:\/\/www.abfallbringtgeld.com\/wp-content\/uploads\/2019\/03\/slide_5.jpg\" class=\"attachment-full\" alt=\"Familie sammelt leere Druckerpatronen zum Recycling\" title=\"&quot;Es geht so einfach.&quot;\" srcset=\"https:\/\/www.abfallbringtgeld.com\/wp-content\/uploads\/2019\/03\/slide_5.jpg 1170w, https:\/\/www.abfallbringtgeld.com\/wp-content\/uploads\/2019\/03\/slide_5-300x128.jpg 300w, https:\/\/www.abfallbringtgeld.com\/wp-content\/uploads\/2019\/03\/slide_5-768x328.jpg 768w, https:\/\/www.abfallbringtgeld.com\/wp-content\/uploads\/2019\/03\/slide_5-1024x438.jpg 1024w, https:\/\/www.abfallbringtgeld.com\/wp-content\/uploads\/2019\/03\/slide_5-600x256.jpg 600w\" sizes=\"auto, (max-width: 1170px) 100vw, 1170px\" \/><div class=\"cz_grid_details\"><i class=\"fa fa-search cz_grid_icon\"><\/i><small class=\"clr\">Familie K. aus Wien<\/small><h3>\"Es geht so einfach.\"<\/h3><\/div><\/a><\/div><\/div><div class=\"cz_grid_item \"><div data-title=\"\"Das Sammeln macht den Kindern Spa\u00df..\"\"><a class=\"cz_grid_link \" href=\"https:\/\/www.abfallbringtgeld.com\/wp-content\/uploads\/2019\/03\/slide_6.jpg\" data-xtra-lightbox><img loading=\"lazy\" decoding=\"async\" width=\"1170\" height=\"500\" src=\"https:\/\/www.abfallbringtgeld.com\/wp-content\/uploads\/2019\/03\/slide_6.jpg\" class=\"attachment-full\" alt=\"Fr\u00f6hliche Kinder heben die H\u00e4nde \u2013 Sammelaktion macht Spa\u00df, besonders in Schulen\" title=\"&quot;Das Sammeln macht den Kindern Spa\u00df..&quot;\" srcset=\"https:\/\/www.abfallbringtgeld.com\/wp-content\/uploads\/2019\/03\/slide_6.jpg 1170w, https:\/\/www.abfallbringtgeld.com\/wp-content\/uploads\/2019\/03\/slide_6-300x128.jpg 300w, https:\/\/www.abfallbringtgeld.com\/wp-content\/uploads\/2019\/03\/slide_6-768x328.jpg 768w, https:\/\/www.abfallbringtgeld.com\/wp-content\/uploads\/2019\/03\/slide_6-1024x438.jpg 1024w, https:\/\/www.abfallbringtgeld.com\/wp-content\/uploads\/2019\/03\/slide_6-600x256.jpg 600w\" sizes=\"auto, (max-width: 1170px) 100vw, 1170px\" \/><div class=\"cz_grid_details\"><i class=\"fa fa-search cz_grid_icon\"><\/i><small class=\"clr\">Volksschule in Nieder\u00f6sterreich<\/small><h3>\"Das Sammeln macht den Kindern Spa\u00df..\"<\/h3><\/div><\/a><\/div><\/div><\/div><\/div><\/div><div data-cz-style='#cz2829 .slick-prev{color:#ffffff}#cz2829 .slick-next{color:#ffffff}#cz2829 div.slick-slide{opacity:1}#cz2829 div.slick-center{box-shadow:0px 10px 60px rgba(0,0,0,0.1)}#cz2829 .slick-list{margin: 0 -0px;clip-path:inset(0 0px 0 0px)}#cz2829 .slick-slide{margin: 0 0px}'><\/div><div class=\"cz_gap clr  hide_on_tablet hide_on_mobile\" style=\"height: 90px\"><\/div><div class=\"cz_gap show_on_tablet clr  show_only_tablet\" style=\"height: 70px\"><\/div><div class=\"cz_gap show_on_mobile clr\" style=\"height: 50px\"><\/div>[vc_row_inner][vc_column_inner offset=&#8220;vc_col-md-3&#8243;]<div id=\"cz_43559\" class=\"cz_43559 cz_title clr cz_title_pos_inline\"><div class=\"cz_title_content\"><div class=\"cz_wpe_content\"><h2 style=\"line-height: 1;\"><span style=\"font-size: 46px; color: #ffffff; text-shadow: 0 1px 2px rgba(0,0,0,0.6);\"><strong>ABFALL<\/strong><\/span><\/h2>\n<h2 style=\"line-height: 1;\"><span style=\"font-size: 46px; color: #ffffff; text-shadow: 0 1px 2px rgba(0,0,0,0.6);\"><strong>BRINGT<\/strong><\/span><\/h2>\n<h2 style=\"line-height: 1;\"><span style=\"font-size: 46px; color: #ffffff; text-shadow: 0 1px 2px rgba(0,0,0,0.6);\"><strong>GELD<\/strong><\/span><\/h2>\n<\/div><\/div><\/div>[\/vc_column_inner][vc_column_inner width=&#8220;1\/3&#8243; offset=&#8220;vc_col-md-3&#8243;]<div id=\"cz_84967\" data-disable-comma=\"\" data-duration=\"4000\" data-delay=\"1000\" class=\"cz_84967 cz_counter clr tal cz_2rows\"><div class=\"\"><span class=\"cz_counter_num_wrap\"><span class=\"cz_counter_num\">5<\/span><i>Mio<\/i><\/span><span class=\"cz_counter_after\">Patronen\/Jahr<\/span><\/div><\/div><div class=\"cz_gap clr \" style=\"height: 40px\"><\/div>[\/vc_column_inner][vc_column_inner width=&#8220;1\/3&#8243; offset=&#8220;vc_col-md-3&#8243;]<div id=\"cz_84155\" data-disable-comma=\"\" data-duration=\"4000\" data-delay=\"2000\" class=\"cz_84155 cz_counter clr tal cz_2rows\"><div class=\"\"><span class=\"cz_counter_num_wrap\"><span class=\"cz_counter_num\">50<\/span><i>Tsd<\/i><\/span><span class=\"cz_counter_after\">Einsender<\/span><\/div><\/div><div class=\"cz_gap clr \" style=\"height: 40px\"><\/div>[\/vc_column_inner][vc_column_inner width=&#8220;1\/3&#8243; offset=&#8220;vc_col-md-3&#8243;]<div id=\"cz_95028\" data-disable-comma=\"\" data-duration=\"4000\" data-delay=\"0000\" class=\"cz_95028 cz_counter clr tal cz_2rows\"><div class=\"\"><span class=\"cz_counter_num_wrap\"><span class=\"cz_counter_num\">100<\/span><i>%<\/i><\/span><span class=\"cz_counter_after\">Recycling<\/span><\/div><\/div><div class=\"cz_gap clr \" style=\"height: 40px\"><\/div>[\/vc_column_inner][\/vc_row_inner]<div class=\"cz_gap clr \" style=\"height: 50px\"><\/div>[\/vc_column][\/vc_row][vc_row][vc_column]<div class=\"cz_gap clr  hide_on_tablet hide_on_mobile\" style=\"height: 120px\"><\/div><div class=\"cz_gap show_on_tablet clr  show_only_tablet\" style=\"height: 100px\"><\/div><div class=\"cz_gap show_on_mobile clr\" style=\"height: 80px\"><\/div>[\/vc_column][\/vc_row][vc_row][vc_column offset=&#8220;vc_col-md-6&#8243;]<div class=\"cz_gap clr \" style=\"height: 15px\"><\/div><div id=\"cz_29196\" class=\"cz_29196 cz_title clr cz_title_pos_inline\"><div class=\"cz_title_content\"><div class=\"cz_wpe_content\"><p style=\"text-align: left;\"><span style=\"color: #333; font-size: 18px;\">Warum wir?<\/span><\/p>\n<\/div><\/div><\/div><div id=\"cz_104051\" class=\"cz_104051 cz_title clr cz_title_pos_inline\"><div class=\"cz_title_content\"><div class=\"cz_wpe_content\"><h2><span style=\"font-size: 38px;\">Ihre <span style=\"color: #015798;\">Vorteile<\/span><\/span><\/h2>\n<\/div><\/div><\/div><div class=\"cz_gap clr \" style=\"height: 40px\"><\/div><div id=\"cz_44309\" class=\"cz_44309 cz_title clr cz_title_pos_inline\"><div class=\"cz_title_content\"><div class=\"cz_wpe_content\"><p style=\"font-size: 18px; color: #333;\">Bei jeder Auszahlung kassieren Sie Geld und gleichzeitig werden durch unser Unternehmen die leeren Toner und Tintenpatronen recycelt. Somit schonen Sie die Umwelt von verbrauchten Abfall. Sollten Sie den Erl\u00f6s f\u00fcr andere Zwecke nutzen wollen, k\u00f6nnen Sie es an Hilfsorganisationen wie z. B. an Mission Hoffnung spenden.<\/p>\n<\/div><\/div><\/div><div class=\"cz_gap clr \" style=\"height: 50px\"><\/div><ul id=\"cz_43197\" class=\"cz_43197 cz_stylish_list clr cz_sl_icon_hover_zoom_in\"><li class=\"clr\"><div class=\"cz_sl_icon\"><i class=\"fa czico-074-tick-inside-circle mr10\"><\/i><\/div><div><span>Leere Patronen sammeln<\/span><\/div><\/li><li class=\"clr\"><div class=\"cz_sl_icon\"><i class=\"fa czico-074-tick-inside-circle mr10\"><\/i><\/div><div><span>An uns senden<\/span><\/div><\/li><li class=\"clr\"><div class=\"cz_sl_icon\"><i class=\"fa czico-074-tick-inside-circle mr10\"><\/i><\/div><div><span>Geld einnehmen<\/span><\/div><\/li><li class=\"clr\"><div class=\"cz_sl_icon\"><i class=\"fa czico-074-tick-inside-circle mr10\"><\/i><\/div><div><span>Geld spenden<\/span><\/div><\/li><\/ul>[\/vc_column][vc_column width=&#8220;1\/2&#8243; offset=&#8220;vc_col-md-3&#8243;]<div class=\"cz_gap clr  hide_on_tablet hide_on_mobile\" style=\"height: 80px\"><\/div><div class=\"cz_gap show_on_tablet clr  show_only_tablet\" style=\"height: 70px\"><\/div><div class=\"cz_gap show_on_mobile clr\" style=\"height: 50px\"><\/div><div class=\"cz_eqh cz_content_box_parent_fx  \"><div id=\"cz_51918\" class=\"cz_51918 cz_content_box clr\"><div class=\"cz_box_front clr\"><div class=\"cz_box_front_inner clr \"><span><\/span><div><div id=\"cz_70288\" class=\"cz_70288 cz_title clr cz_title_pos_inline\"><div class=\"cz_title_shape shape_icon cz_shape_1\"><i class=\"fas fa-1\"><\/i><\/div><div class=\"cz_title_content\"><div class=\"cz_wpe_content\"><h3><span style=\"color: #000000;\">Geld spenden<\/span><\/h3>\n<\/div><\/div><\/div><div class=\"cz_gap clr \" style=\"height: 20px\"><\/div><div id=\"cz_32026\" class=\"cz_32026 cz_title clr cz_title_pos_inline\"><div class=\"cz_title_content\"><div class=\"cz_wpe_content\"><p><span style=\"color: #000000;\">an Hilfsorganisationen<\/span><\/p>\n<\/div><\/div><\/div><\/div><\/div><\/div><\/div><\/div>[\/vc_column][vc_column width=&#8220;1\/2&#8243; offset=&#8220;vc_col-md-3&#8243;]<div class=\"cz_eqh cz_content_box_parent_fx  \"><div id=\"cz_51918\" class=\"cz_51918 cz_content_box clr\"><div class=\"cz_box_front clr\"><div class=\"cz_box_front_inner clr \"><span><\/span><div><div id=\"cz_106799\" class=\"cz_106799 cz_title clr cz_title_pos_inline\"><div class=\"cz_title_shape shape_icon cz_shape_1\"><i class=\"fas fa-2\"><\/i><\/div><div class=\"cz_title_content\"><div class=\"cz_wpe_content\"><h3><span style=\"color: #000000;\">Geld kassieren<\/span><\/h3>\n<\/div><\/div><\/div><div class=\"cz_gap clr \" style=\"height: 20px\"><\/div><div id=\"cz_96757\" class=\"cz_96757 cz_title clr cz_title_pos_inline\"><div class=\"cz_title_content\"><div class=\"cz_wpe_content\"><p><span style=\"color: #000000;\">einfach und schnell<\/span><\/p>\n<\/div><\/div><\/div><\/div><\/div><\/div><\/div><\/div><div class=\"cz_gap clr \" style=\"height: 32px\"><\/div><div class=\"cz_eqh cz_content_box_parent_fx  \"><div id=\"cz_51918\" class=\"cz_51918 cz_content_box clr\"><div class=\"cz_box_front clr\"><div class=\"cz_box_front_inner clr \"><span><\/span><div><div id=\"cz_85504\" class=\"cz_85504 cz_title clr cz_title_pos_inline\"><div class=\"cz_title_shape shape_icon cz_shape_1\"><i class=\"fas fa-3\"><\/i><\/div><div class=\"cz_title_content\"><div class=\"cz_wpe_content\"><h3><span style=\"color: #000000;\">Umwelt schonen<\/span><\/h3>\n<\/div><\/div><\/div><div class=\"cz_gap clr \" style=\"height: 20px\"><\/div><div id=\"cz_55150\" class=\"cz_55150 cz_title clr cz_title_pos_inline\"><div class=\"cz_title_content\"><div class=\"cz_wpe_content\"><p><span style=\"color: #000000;\">durch Recycling<\/span><\/p>\n<\/div><\/div><\/div><\/div><\/div><\/div><\/div><\/div>[\/vc_column][\/vc_row][vc_row][vc_column][vc_column_text][\/vc_column_text][\/vc_column][\/vc_row][vc_row][vc_column][vc_column_text][\/vc_column_text][\/vc_column][\/vc_row]<\/p>\n<\/div>","protected":false},"excerpt":{"rendered":"<p>[vc_column_inner &#8230; <\/p>\n","protected":false},"author":1,"featured_media":0,"parent":0,"menu_order":0,"comment_status":"closed","ping_status":"closed","template":"","meta":{"footnotes":""},"class_list":["post-3040","page","type-page","status-publish","hentry"],"_links":{"self":[{"href":"https:\/\/www.abfallbringtgeld.com\/de\/wp-json\/wp\/v2\/pages\/3040","targetHints":{"allow":["GET"]}}],"collection":[{"href":"https:\/\/www.abfallbringtgeld.com\/de\/wp-json\/wp\/v2\/pages"}],"about":[{"href":"https:\/\/www.abfallbringtgeld.com\/de\/wp-json\/wp\/v2\/types\/page"}],"author":[{"embeddable":true,"href":"https:\/\/www.abfallbringtgeld.com\/de\/wp-json\/wp\/v2\/users\/1"}],"replies":[{"embeddable":true,"href":"https:\/\/www.abfallbringtgeld.com\/de\/wp-json\/wp\/v2\/comments?post=3040"}],"version-history":[{"count":110,"href":"https:\/\/www.abfallbringtgeld.com\/de\/wp-json\/wp\/v2\/pages\/3040\/revisions"}],"predecessor-version":[{"id":3353,"href":"https:\/\/www.abfallbringtgeld.com\/de\/wp-json\/wp\/v2\/pages\/3040\/revisions\/3353"}],"wp:attachment":[{"href":"https:\/\/www.abfallbringtgeld.com\/de\/wp-json\/wp\/v2\/media?parent=3040"}],"curies":[{"name":"wp","href":"https:\/\/api.w.org\/{rel}","templated":true}]}}