{"id":1575,"date":"2019-01-21T16:47:38","date_gmt":"2019-01-21T15:47:38","guid":{"rendered":"https:\/\/www.abfallbringtgeld.com\/?page_id=1575"},"modified":"2025-12-19T08:15:07","modified_gmt":"2025-12-19T07:15:07","slug":"datenschutz","status":"publish","type":"page","link":"https:\/\/www.abfallbringtgeld.com\/en\/datenschutz\/","title":{"rendered":"Datenschutz"},"content":{"rendered":"<div class=\"wpb-content-wrapper\"><p>[vc_row][vc_column]<div id=\"cz_68829\" class=\"cz_68829 cz_title clr cz_title_pos_inline\"><div class=\"cz_title_content\"><div class=\"cz_wpe_content\"><h3><span style=\"font-size: 36px;\">Datenschutzerkl\u00e4rung<\/span><\/h3>\n<\/div><\/div><\/div>[\/vc_column][\/vc_row][vc_row][vc_column][vc_column_text css=&#8221;&#8221;]Der Schutz Ihrer pers\u00f6nlichen Daten ist uns ein besonderes Anliegen. Wir verarbeiten Ihre Daten daher ausschlie\u00dflich auf Grundlage der gesetzlichen Bestimmungen (DSGVO, TKG 2003). In diesen Datenschutzinformationen informieren wir Sie \u00fcber die wichtigsten Aspekte der Datenverarbeitung im Rahmen unserer Website.<\/p>\n<p>[borlabs-cookie type=&#8221;btn-consent-preferences&#8221; title=&#8221;Cookie Einstellungen anpassen&#8221;\/]<\/p>\n<p>&nbsp;<\/p>\n<p><strong>Kontakt mit uns<\/strong><br \/>\nWenn Sie per Formular auf der Website oder per E-Mail Kontakt mit uns aufnehmen, werden Ihre angegebenen Daten zwecks Bearbeitung der Anfrage und f\u00fcr den Fall von Anschlussfragen sechs Monate bei uns gespeichert. Diese Daten geben wir nicht ohne Ihre Einwilligung weiter.<\/p>\n<p><strong>Datenspeicherung Web Shop<\/strong><br \/>\nWir weisen darauf hin, dass zum Zweck des einfacheren Einkaufsvorganges und zur sp\u00e4teren Vertragsabwicklung vom Webshop-Betreiber im Rahmen von Cookies die IP-Daten des Anschlussinhabers gespeichert werden, ebenso wie Name, Anschrift und Kreditkartennummer\/Zahlystem des K\u00e4ufers.<br \/>\nDar\u00fcber hinaus werden zum Zweck der Vertragsabwicklung folgende Daten auch bei uns gespeichert: alle eingegebenen Daten beim Bestellvorgang und die jeweiligen Produktdaten der Bestellung. Die von Ihnen bereit gestellten Daten sind zur Vertragserf\u00fcllung bzw zur Durchf\u00fchrung vorvertraglicher Ma\u00dfnahmen erforderlich. Ohne diese Daten k\u00f6nnen wir den Vertrag mit Ihnen nicht abschlie\u00dfen. Eine Daten\u00fcbermittlung an Dritte erfolgt nicht, mit Ausnahme der \u00dcbermittlung der Kreditkartendaten\/Zahlystem an die abwickelnden Bankinstitute\/Zahlungsdienstleister zum Zwecke der Abbuchung des Einkaufspreises, an das von uns beauftragte Transportunternehmen\/Versandunternehmen zur Zustellung der Ware sowie an unseren Steuerberater zur Erf\u00fcllung unserer steuerrechtlichen Verpflichtungen.<br \/>\nNach Abbruch des Einkaufsvorganges werden die bei uns gespeicherten Daten gel\u00f6scht. Im Falle eines Vertragsabschlusses werden s\u00e4mtliche Daten aus dem Vertragsverh\u00e4ltnis bis zum Ablauf der steuerrechtlichen Aufbewahrungsfrist (7 Jahre) gespeichert.<\/p>\n<p>Die Daten Name, Anschrift, gekaufte Waren und Kaufdatum werden dar\u00fcber hinaus gehend bis zum Ablauf der Produkthaftung (10 Jahre) gespeichert. Die Datenverarbeitung erfolgt auf Basis der gesetzlichen Bestimmungen des \u00a7 96 Abs 3 TKG sowie des Art 6 Abs 1 lit a (Einwilligung) und\/oder lit b (notwendig zur Vertragserf\u00fcllung) der DSGVO.<\/p>\n<p><strong>Hosting bei HostProfis<\/strong><br \/>\nUnsere Website wird von HostProfis ISP Telekom GmbH (Rennweg 9, 9587 Riegersdorf, \u00d6sterreich) gehostet. Wir haben mit HostProfis einen Auftragsverarbeitungsvertrag (Art.\u202f28 DSGVO) geschlossen, um sicherzustellen, dass Ihre personenbezogenen Daten dort nach den gesetzlichen Vorgaben verarbeitet werden. Weitere Informationen zum Datenschutz bei HostProfis finden Sie unter: https:\/\/www.hostprofis.com\/web\/data-protection<\/p>\n<p>Server-Logfiles &amp; IP-Anonymisierung<\/p>\n<ul>\n<li>Automatische Erfassung: Bei jedem Zugriff auf unsere Website werden automatisch Informationen in Server-Logfiles gespeichert (z.\u202fB. Apache Access Log, Error Log, FTP Access Log, E-Mail Logs). Diese enthalten unter anderem Datum und Uhrzeit des Zugriffs, Name und URL der abgerufenen Datei, Referrer-URL, Browser- und Systeminformationen sowie eine IP-Adresse.<\/li>\n<li>Speicherdauer: Laut HostProfis werden diese Logfiles f\u00fcr 31\u202fTage r\u00fcckwirkend gespeichert und anschlie\u00dfend automatisiert gel\u00f6scht. Authentifizierungs-Logfiles (z.\u202fB. Anmeldeversuche) werden f\u00fcr 90\u202fTage aufbewahrt<\/li>\n<li>IP-Anonymisierung: Wir haben bei HostProfis die Option zur IP-Adressen-Anonymisierung aktiviert.<\/li>\n<\/ul>\n<h4><strong>Verendete Systeme &amp; Plugins<\/strong><\/h4>\n<p><strong>Verwendung von WordPress<\/strong><br \/>\nDiese Website basiert auf dem Content-Management-System (CMS) WordPress, das von der WordPress Foundation (660 4th Street, San Francisco, CA 94107, USA) entwickelt wurde.<\/p>\n<p>Cookies: WordPress verwendet technisch notwendige Cookies, um z.\u202fB. Logins zu erm\u00f6glichen oder Nutzerpr\u00e4ferenzen zu speichern.<br \/>\nWP Emojis: Externe Ressourcen von wordpress.org k\u00f6nnen geladen werden, wobei die IP-Adresse an Server in den USA \u00fcbertragen werden kann.<\/p>\n<p><strong>Borlabs Cookie<\/strong><br \/>\nDiese Website verwendet Borlabs Cookie, das ein technisch notwendiges Cookie (borlabs-cookie) setzt, um Ihre Cookie-Einwilligungen zu speichern.<br \/>\nBorlabs Cookie verarbeitet keinerlei personenbezogenen Daten.<\/p>\n<p>Im Cookie borlabs-cookie werden Ihre Einwilligungen gespeichert, die Sie beim Betreten der Website gegeben haben. M\u00f6chten Sie diese Einwilligungen widerrufen, l\u00f6schen Sie einfach das Cookie in Ihrem Browser. Wenn Sie die Website neu betreten\/neu laden, werden Sie erneut nach Ihrer Cookie-Einwilligung gefragt.<\/p>\n<p>Zus\u00e4tzlich verwenden wir technisch notwendige Cookies, die f\u00fcr den Betrieb der Website und des Onlineshops erforderlich sind (z.\u202fB. Warenkorb- und Spracheinstellungen). Diese Cookies werden ohne Einwilligung gesetzt.<\/p>\n<p><strong>Web-Analyse<\/strong><br \/>\nUnsere Website verwendet Funktionen des Webanalysedienstes bei HostProfis ISP Telekom GmbH (Firmensitz \u00d6sterreich). Dazu werden Cookies verwendet, die eine Analyse der Benutzung der Website durch Ihre Benutzer erm\u00f6glicht. Die dadurch erzeugten Informationen werden auf den Server des Anbieters \u00fcbertragen und dort gespeichert.<br \/>\nSie k\u00f6nnen dies verhindern, indem Sie Ihren Browser so einrichten, dass keine Cookies gespeichert werden. Ihre IP-Adresse wird erfasst, aber umgehend durch L\u00f6schung der letzten 8 Bit pseudonymisiert. Dadurch ist nur mehr eine grobe Lokalisierung m\u00f6glich. Es werden keine Daten ins EU-Ausland \u00fcbertragen.<br \/>\nDie Datenverarbeitung erfolgt auf Basis der gesetzlichen Bestimmungen des \u00a7 96 Abs 3 TKG sowie des Art 6 Abs 1 lit a (Einwilligung) und\/oder f (berechtigtes Interesse) der DSGVO.<br \/>\nUnser Anliegen im Sinne der DSGVO (berechtigtes Interesse) ist die Verbesserung unseres Angebotes und unseres Webauftritts. Da uns die Privatsph\u00e4re unserer Nutzer wichtig ist, werden die Nutzerdaten pseudonymisiert.<br \/>\nDie Nutzerdaten werden f\u00fcr die Dauer von 1 Jahr aufbewahrt.<\/p>\n<p><strong>WPForms \u2013 Kontaktformular<\/strong><br \/>\nWir nutzen auf unserer Website das Plugin WPForms, um Kontaktanfragen zu verwalten. Der Anbieter dieses Plugins ist WPForms LLC, 7732 Maywood Crest Dr, West Palm Beach, FL 33412, USA. Wenn Sie uns \u00fcber das Kontaktformular eine Anfrage senden, werden die von Ihnen eingegebenen Daten (z. B. Name, E-Mail-Adresse, Telefonnummer, Nachrichtentext) zum Zweck der Bearbeitung Ihrer Anfrage und f\u00fcr den Fall von Anschlussfragen bei uns gespeichert. Die Verarbeitung dieser Daten erfolgt gem\u00e4\u00df Art. 6 Abs. 1 lit. b DSGVO (Vertragserf\u00fcllung oder vorvertragliche Ma\u00dfnahmen) oder auf Grundlage unseres berechtigten Interesses an einer effizienten Kommunikation mit Websitebesuchern nach Art. 6 Abs. 1 lit. f DSGVO.<\/p>\n<p>Die \u00fcbermittelten Daten werden nicht ohne Ihre Einwilligung weitergegeben. Sofern keine gesetzlichen Aufbewahrungspflichten bestehen, werden Ihre Daten gel\u00f6scht, sobald Ihre Anfrage abschlie\u00dfend bearbeitet ist.<\/p>\n<p>Daten\u00fcbertragung und Speicherung<br \/>\nWPForms speichert die Formulardaten in der Regel lokal in der WordPress-Datenbank auf unserem Server. Eine Weiterleitung an WPForms LLC oder Dritte findet nicht automatisch statt, es sei denn, Sie haben ausdr\u00fccklich in zus\u00e4tzliche Dienste (z. B. E-Mail-Marketing, CRM-Integration) eingewilligt. Wenn Sie uns eine Nachricht \u00fcbermitteln, erfolgt die Daten\u00fcbertragung verschl\u00fcsselt (SSL\/TLS).<\/p>\n<p>Mehr Informationen zur Datenverarbeitung durch WPForms finden Sie unter <a href=\"https:\/\/wpforms.com\/privacy-policy\/\" target=\"_blank\" rel=\"noopener\">https:\/\/wpforms.com\/privacy-policy\/<\/a><\/p>\n<p><strong>Verwendung von Cloudflare Turnstile (Captcha-Schutz)<\/strong><br \/>\nWir nutzen Cloudflare Turnstile auf unserer Website. Anbieter ist Cloudflare, Inc., 101 Townsend St, San Francisco, CA 94107, USA.<\/p>\n<p>Cloudflare Turnstile dient der \u00dcberpr\u00fcfung, ob die Dateneingabe auf unserer Website (z. B. im Kontaktformular) durch eine nat\u00fcrliche Person oder durch automatisierte Programme (Bots) erfolgt. Hierzu analysiert Turnstile das Verhalten des Websitebesuchers anhand verschiedener Merkmale (z. B. Mausbewegungen oder Verweildauer auf der Seite). Diese Analyse startet automatisch, sobald der Besucher eine Seite mit aktiviertem Turnstile-Captcha aufruft.<\/p>\n<p>Die dabei erfassten Daten (z. B. IP-Adresse, Browserinformationen, Datum und Uhrzeit der Anfrage, Referrer-URL, Verhaltensdaten) werden an Cloudflare \u00fcbermittelt. Laut Cloudflare werden die erfassten Daten nicht zur Analyse oder Werbung verwendet, sondern ausschlie\u00dflich zur Sicherstellung der Sicherheit und Funktionsf\u00e4higkeit des Dienstes.<br \/>\nDie Nutzung von Cloudflare Turnstile erfolgt auf Grundlage von Art. 6 Abs. 1 lit. f DSGVO (berechtigtes Interesse) \u2014 wir haben ein berechtigtes Interesse daran, unsere Website vor missbr\u00e4uchlicher automatisierter Aussp\u00e4hung und Spam zu sch\u00fctzen. Sofern eine Einwilligung \u00fcber ein Cookie- oder Consent-Banner eingeholt wird, erfolgt die Verarbeitung ausschlie\u00dflich auf Grundlage von Art. 6 Abs. 1 lit. a DSGVO; die Einwilligung ist jederzeit widerrufbar.<\/p>\n<p>Cloudflare ist nach dem EU\u2013US Data Privacy Framework zertifiziert, wodurch ein angemessenes Datenschutzniveau gew\u00e4hrleistet wird.<br \/>\nWeitere Informationen zur Datenverarbeitung durch Cloudflare finden Sie unter <a href=\"https:\/\/www.cloudflare.com\/de-de\/privacypolicy\/\" target=\"_blank\" rel=\"noopener\">https:\/\/www.cloudflare.com\/de-de\/privacypolicy\/<\/a><\/p>\n<p><strong>Verwendung von qTranslate XT<\/strong><br \/>\nUnsere Website nutzt das Plugin qTranslate XT, um Inhalte mehrsprachig darzustellen. Dabei wird ein Funktions-Cookie gespeichert, das lediglich die gew\u00e4hlte Sprache festh\u00e4lt:<\/p>\n<p>qtrans_frontend_language \u2013 speichert die bevorzugte Sprache des Nutzers (Speicherdauer: bis zu 1 Jahr).<\/p>\n<p>Dieses Cookie enth\u00e4lt keine personenbezogenen Daten. Eine Datenweitergabe an Dritte findet nicht statt. Die Nutzung erfolgt auf Grundlage unseres berechtigten Interesses an einer nutzerfreundlichen, mehrsprachigen Darstellung gem\u00e4\u00df Art. 6 Abs. 1 lit. f DSGVO.<\/p>\n<p><strong>Google Fonts Datenschutzerkl\u00e4rung<\/strong><br \/>\nWir verwenden Google Fonts der Firma Google Inc. (1600 Amphitheatre Parkway Mountain View, CA 94043, USA) auf unserer Webseite. Die Verwendung von Google Fonts erfolgt ohne Authentisierung und es werden keine Cookies and die Google Fonts API gesendet. Sollten Sie ein Konto bei Google haben, werden keine Ihrer Google-Kontodaten an Google w\u00e4hrend der Nutzung von Google Fonts \u00fcbermittelt. Google erfasst lediglich die Nutzung von CSS und der verwendeten Fonts und speichert diese Daten sicher. Mehr zu diesen und weiteren Fragen finden Sie auf <a href=\"https:\/\/developers.google.com\/fonts\/faq\" target=\"_blank\" rel=\"noopener\">https:\/\/developers.google.com\/fonts\/faq<\/a>.<br \/>\nWelche Daten von Google erfasst werden und wof\u00fcr diese Daten verwendet werden, k\u00f6nnen Sie auf <a href=\"https:\/\/www.google.com\/intl\/de\/policies\/privacy\/\" target=\"_blank\" rel=\"noopener\">https:\/\/www.google.com\/intl\/de\/policies\/privacy\/<\/a> nachlesen.<\/p>\n<p><strong>Facebook Datenschutzerkl\u00e4rung<\/strong><br \/>\nWir verwenden auf dieser Webseite Funktionen von Facebook, einem Social Media Network der FIrma Facebook Ireland Ltd., 4 Grand Canal Square, Grand Canal Harbour, Dublin 2 Ireland.<br \/>\nWelche Funktionen (Soziale Plug-ins) Facebook bereitstellt, k\u00f6nnen Sie auf <a href=\"https:\/\/developers.facebook.com\/docs\/plugins\/\" target=\"_blank\" rel=\"noopener\">https:\/\/developers.facebook.com\/docs\/plugins\/<\/a> nachlesen.<br \/>\nDurch den Besuch unserer Webseite k\u00f6nnen Informationen an Facebook \u00fcbermittelt werden. Wenn Sie \u00fcber ein Facebook-Konto verf\u00fcgen, kann Facebook diese Daten Ihrem pers\u00f6nlichen Konto zuordnen. Sollten Sie das nicht w\u00fcnschen, melden Sie sich bitte von Facebook ab.<br \/>\nDie Datenschutzrichtlinien, welche Informationen Facebook sammelt und wie sie diese verwenden finden Sie auf <a href=\"https:\/\/www.facebook.com\/policy.php\" target=\"_blank\" rel=\"noopener\">https:\/\/www.facebook.com\/policy.php<\/a>.<\/p>\n<p>Nur wenn Sie ein b\u00f6sartiges Verhalten zeigen (z. B. ein f\u00fcr Hacker typisches Browsing-Muster, versuchen, unsere Website mit manipulierten URLs zu hacken oder versuchen, auf Verwaltungsseiten zuzugreifen, die nicht \u00f6ffentlich zug\u00e4nglich sind), sendet Wordfence Ihre IP-Adresse an Server ausserhalb der EU, um den Service im Interesse der Sicherheit im Internet zu verbessern und f\u00fcgt die IP-Adresse der Wordfence Blacklist hinzu. Wenn die Angriffe auf die Webseite aufh\u00f6ren wird die IP Adresse umgehend nach 48 Stunden entfernt.<br \/>\nDie Datenschutzrichtlinien von Wordfence k\u00f6nnen Sie auf <a href=\"https:\/\/www.wordfence.com\/terms-of-use\/\" target=\"_blank\" rel=\"noopener\">https:\/\/www.wordfence.com\/terms-of-use\/<\/a> und auf <a href=\"https:\/\/www.wordfence.com\/privacy-policy\/\" target=\"_blank\" rel=\"noopener\">https:\/\/www.wordfence.com\/privacy-policy\/<\/a> nachlesen.<\/p>\n<p><strong>Google Maps Datenschutzerkl\u00e4rung<\/strong><br \/>\nWir verwenden Google Maps der Firma Google Inc. (1600 Amphitheatre Parkway Mountain View, CA 94043, USA) auf unserer Webseite.<br \/>\nDurch die Nutzung der Funktionen dieser Karte werden Daten an Google \u00fcbertragen. Welche Daten von Google erfasst werden und wof\u00fcr diese Daten verwendet werden, k\u00f6nnen Sie auf <a href=\"https:\/\/www.google.com\/intl\/de\/policies\/privacy\/\" target=\"_blank\" rel=\"noopener\">https:\/\/www.google.com\/intl\/de\/policies\/privacy\/<\/a> nachlesen.<\/p>\n<p><strong>Google Analytics Datenschutzerkl\u00e4rung<\/strong><br \/>\nWir verwenden auf dieser Webseite Google Analytics der Firma Google Inc. (1600 Amphitheatre Parkway Mountain View, CA 94043, USA) um Besucherdaten statistisch auszuwerten. Dabei verwendet Google Analytics zielorientierte Cookies.<\/p>\n<p>N\u00e4here Informationen zu Nutzungsbedingungen und Datenschutz finden Sie unter\u00a0<a href=\"http:\/\/www.google.com\/analytics\/terms\/de.html\">http:\/\/www.google.com\/analytics\/terms\/de.html<\/a>\u00a0bzw. unter\u00a0<a href=\"https:\/\/support.google.com\/analytics\/answer\/6004245?hl=de\">https:\/\/support.google.com\/analytics\/answer\/6004245?hl=de<\/a>.<\/p>\n<p><strong>Pseudonymisierung<\/strong><br \/>\nUnser Anliegen im Sinne der DSGVO ist die Verbesserung unseres Angebotes und unseres Webauftritts. Da uns die Privatsph\u00e4re unserer Nutzer wichtig ist, werden die Nutzerdaten pseudonymisiert.\u00a0Die Datenverarbeitung erfolgt auf Basis der gesetzlichen Bestimmungen des \u00a7 96 Abs 3 TKG sowie des Art 6 EU-DSGVO Abs 1 lit a (Einwilligung) und\/oder f (berechtigtes Interesse) der DSGVO.<\/p>\n<p><strong>Deaktivierung der Datenerfassung durch Google Analytics<\/strong><br \/>\nMithilfe des\u00a0<strong>Browser-Add-ons zur Deaktivierung<\/strong> von Google Analytics-JavaScript (ga.js, analytics.js, dc.js) k\u00f6nnen Website-Besucher verhindern, dass Google Analytics ihre Daten verwendet. Sie k\u00f6nnen die Erfassung der durch das Cookie erzeugten und auf Ihre Nutzung der Website bezogenen Daten an Google sowie die Verarbeitung dieser Daten durch Google verhindern, indem Sie das unter dem folgenden Link verf\u00fcgbare Browser-Plugin herunterladen und installieren:\u00a0<a href=\"https:\/\/tools.google.com\/dlpage\/gaoptout?hl=de\">https:\/\/tools.google.com\/dlpage\/gaoptout?hl=de<\/a>.<\/p>\n<p><strong>Google Analytics Zusatz zur Datenverarbeitung<\/strong><br \/>\nWir haben mit Google einen Direktkundenvertrag zur Verwendung von Google Analytics abgeschlossen, indem wir den \u201cZusatz zur Datenverarbeitung\u201d in Google Analytics akzeptiert haben. Mehr \u00fcber den Zusatz zur Datenverarbeitung f\u00fcr Google Analytics finden Sie hier:\u00a0<a href=\"https:\/\/support.google.com\/analytics\/answer\/3379636?hl=de&amp;utm_id=ad\">https:\/\/support.google.com\/analytics\/answer\/3379636?hl=de&amp;utm_id=ad<\/a><\/p>\n<p><strong>Google Analytics IP-Anonymisierung<\/strong><br \/>\nWir haben auf dieser Webseite die IP-Adressen-Anonymisierung von Google Analytics implementiert.\u00a0Diese Funktion wurde von Google entwickelt, damit diese Webseite die geltenden Datenschutzbestimmungen und Empfehlungen der lokalen Datenschutzbeh\u00f6rden einhalten kann, wenn diese eine Speicherung der vollst\u00e4ndigen IP-Adresse untersagen. Die Anonymisierung bzw. Maskierung der IP findet statt, sobald die IP-Adressen im Google Analytics-Datenerfassungsnetzwerk eintreffen und bevor eine Speicherung oder Verarbeitung der Daten stattfindet.<\/p>\n<p>Mehr Informationen zur IP-Anonymisierung finden Sie auf\u00a0<a href=\"https:\/\/support.google.com\/analytics\/answer\/2763052?hl=de\">https:\/\/support.google.com\/analytics\/answer\/2763052?hl=de<\/a>.<\/p>\n<p><strong>Google Analytics Berichte zu demografischen Merkmalen und Interessen<\/strong><br \/>\nWir haben in Google Analytics die Funktionen f\u00fcr Werbeberichte eingeschaltet. Die Berichte zu demografischen Merkmalen und Interessen enthalten Angaben zu Alter, Geschlecht und Interessen. Damit k\u00f6nnen wir uns \u2013 ohne diese Daten einzelnen Personen zuordnen zu k\u00f6nnen \u2013 ein besseres Bild von unseren Nutzern machen. Mehr \u00fcber die Werbefunktionen erfahren Sie\u00a0<a href=\"https:\/\/support.google.com\/analytics\/answer\/3450482?hl=de_AT&amp;utm_id=ad\">auf\u00a0https:\/\/support.google.com\/analytics\/answer\/3450482?hl=de_AT&amp;utm_id=ad<\/a>. Sie k\u00f6nnen die Nutzung der Aktivit\u00e4ten und Informationen Ihres Google Kontos unter \u201cEinstellungen f\u00fcr Werbung\u201d auf\u00a0<a href=\"https:\/\/adssettings.google.com\/authenticated\">https:\/\/adssettings.google.com\/authenticated<\/a>\u00a0per Checkbox beenden.<\/p>\n<p><strong>Google Analytics Deaktivierungslink<\/strong><br \/>\nWenn Sie auf folgenden\u00a0<a href=\"https:\/\/tools.google.com\/dlpage\/gaoptout\/\"><strong>Deaktivierungslink<\/strong><\/a>\u00a0klicken, k\u00f6nnen Sie verhindern, dass Google weitere Besuche auf dieser Webseite erfasst. Achtung: Das L\u00f6schen von Cookies, die Nutzung des Inkognito\/Privatmodus ihres Browsers, oder die Nutzung eines anderen Browsers f\u00fchrt dazu, dass wieder Daten erhoben werden.<\/p>\n<p>Google Analytics deaktivieren\u00a0\u00a0<a href=\"https:\/\/tools.google.com\/dlpage\/gaoptout\/\">https:\/\/tools.google.com\/dlpage\/gaoptout\/<\/a><\/p>\n<p><strong>Ihre Rechte als betroffene Person<\/strong><br \/>\nSie haben gem\u00e4\u00df DSGVO folgende Rechte:<\/p>\n<p>\u2022 Auskunft (Art. 15 DSGVO) \u2013 Welche Daten verarbeiten wir \u00fcber Sie?<br \/>\n\u2022 Berichtigung (Art. 16 DSGVO) \u2013 Korrektur unrichtiger Daten<br \/>\n\u2022 L\u00f6schung (Art. 17 DSGVO) \u2013 \u201eRecht auf Vergessenwerden\u201c<br \/>\n\u2022 Einschr\u00e4nkung der Verarbeitung (Art. 18 DSGVO)<br \/>\n\u2022 Daten\u00fcbertragbarkeit (Art. 20 DSGVO)<br \/>\n\u2022 Widerspruch (Art. 21 DSGVO)<br \/>\n\u2022 Widerruf einer Einwilligung (Art. 7 Abs. 3 DSGVO)<br \/>\nZur Aus\u00fcbung dieser Rechte kontaktieren Sie uns bitte unter<\/p>\n<p><strong>Denner GmbH<\/strong><br \/>\nThayapark 17<br \/>\n2136 Laa an der Thaya<br \/>\n43 (0) 25 22 \/ 20 100<br \/>\noffice@abfallbringtgeld.com<\/p>\n<p><strong>Beschwerderecht bei der Datenschutzbeh\u00f6rde<\/strong><br \/>\nWenn Sie der Meinung sind, dass die Verarbeitung Ihrer Daten gegen die DSGVO verst\u00f6\u00dft, k\u00f6nnen Sie sich an die \u00f6sterreichische Datenschutzbeh\u00f6rde wenden:<\/p>\n<p>\u00d6sterreichische Datenschutzbeh\u00f6rde<br \/>\nBarichgasse 40-42<br \/>\n1030 Wien<br \/>\nTelefon: +43 1 52 152-0<br \/>\nE-Mail: dsb@dsb.gv.at<br \/>\nWebsite: <a href=\"https:\/\/www.dsb.gv.at\" target=\"_blank\" rel=\"noopener\">https:\/\/www.dsb.gv.at<\/a><\/p>\n<p><strong>Aktualit\u00e4t und \u00c4nderungen dieser Datenschutzerkl\u00e4rung<\/strong><br \/>\nDiese Datenschutzerkl\u00e4rung hat den Stand Dezember 2025[\/vc_column_text][\/vc_column][\/vc_row]<\/p>\n<\/div>","protected":false},"excerpt":{"rendered":"<p>Der Schutz Ihrer pers\u00f6nlichen Daten ist uns ein besonderes Anliegen. Wir &#8230; <\/p>\n","protected":false},"author":1,"featured_media":0,"parent":0,"menu_order":0,"comment_status":"closed","ping_status":"closed","template":"","meta":{"footnotes":""},"class_list":["post-1575","page","type-page","status-publish","hentry"],"_links":{"self":[{"href":"https:\/\/www.abfallbringtgeld.com\/en\/wp-json\/wp\/v2\/pages\/1575","targetHints":{"allow":["GET"]}}],"collection":[{"href":"https:\/\/www.abfallbringtgeld.com\/en\/wp-json\/wp\/v2\/pages"}],"about":[{"href":"https:\/\/www.abfallbringtgeld.com\/en\/wp-json\/wp\/v2\/types\/page"}],"author":[{"embeddable":true,"href":"https:\/\/www.abfallbringtgeld.com\/en\/wp-json\/wp\/v2\/users\/1"}],"replies":[{"embeddable":true,"href":"https:\/\/www.abfallbringtgeld.com\/en\/wp-json\/wp\/v2\/comments?post=1575"}],"version-history":[{"count":17,"href":"https:\/\/www.abfallbringtgeld.com\/en\/wp-json\/wp\/v2\/pages\/1575\/revisions"}],"predecessor-version":[{"id":3322,"href":"https:\/\/www.abfallbringtgeld.com\/en\/wp-json\/wp\/v2\/pages\/1575\/revisions\/3322"}],"wp:attachment":[{"href":"https:\/\/www.abfallbringtgeld.com\/en\/wp-json\/wp\/v2\/media?parent=1575"}],"curies":[{"name":"wp","href":"https:\/\/api.w.org\/{rel}","templated":true}]}}